{"id":77899,"date":"2023-07-11T09:12:38","date_gmt":"2023-07-11T07:12:38","guid":{"rendered":"https:\/\/nivaagaard.dk\/bestil-omvisning\/"},"modified":"2026-04-14T01:10:23","modified_gmt":"2026-04-13T23:10:23","slug":"bestil-omvisning","status":"publish","type":"page","link":"https:\/\/nivaagaard.dk\/en\/bestil-omvisning\/","title":{"rendered":"Book guided tour"},"content":{"rendered":"<div class=\"brz-root__container brz-reset-all brz\">\n<section id=\"_jigiinkzeeseykiiphluulzhbexfqvodejgy\" class=\"brz-section brz-css-lX_NS brz-css-hVqiP\">\n<div class=\"brz-slick-slider brz-slick-slider__section\" data-slides-to-show=\"1\" data-slides-to-scroll=\"1\" data-arrows=\"true\" data-dots=\"true\" data-dots-class=\"brz-slick-slider__dots brz-slick-slider__dots--circle\" data-fade=\"false\" data-vertical=\"false\" data-auto-play=\"false\" data-auto-play-speed=\"3000\" data-animation-speed=\"500\" data-swipe=\"true\" data-responsive=\"%5B%7B%22breakpoint%22%3A767%2C%22settings%22%3A%7B%22slidesToShow%22%3A1%2C%22slidesToScroll%22%3A1%7D%7D%5D\">\n<div>\n<div class=\"brz-section__content brz-section--boxed brz-css-j8wc6 brz-css-uNZLM\" data-brz-custom-id=\"xaipsvmrhbkqblkkvdcfexosqrtburyiegjj\">\n<div class=\"brz-bg\">\n<div class=\"brz-bg-image\"><\/div>\n<div class=\"brz-bg-color\"><\/div>\n<\/div>\n<div class=\"brz-container brz-css-vuccS\">\n<div id=\"\" class=\"brz-css-rPL8U brz-css-pOThP brz-wrapper\">\n<div class=\"brz-rich-text brz-rich-text__custom brz-css-oN63p\" data-brz-custom-id=\"chbjjxahvohxvvmusrlpsxvncdxyqoeafxyi\">\n<div data-brz-translate-text=\"1\">\n<h1 class=\"brz-text-lg-justify brz-ff-zrspyosessrzchpugpaouaphyhhgwgpizzpx brz-ft-upload brz-fs-lg-75 brz-fss-lg-px brz-fw-lg-700 brz-ls-lg-m_1 brz-lh-lg-1_3 brz-tp-lg-mllouqxbljjoolnbrmvdewujpikjmewomokk brz-text-xs-center brz-css-dtlMa\" data-uniq-id=\"t7DwE\" data-generated-css=\"brz-css-lkLhW\"><span class=\"brz-cp-color8\" style=\"opacity: 1\">Book guided tour<\/span><\/h1>\n<\/div>\n<\/div>\n<\/div>\n<\/div>\n<\/div>\n<\/div>\n<div>\n<div class=\"brz-section__content brz-section--boxed brz-css-j8wc6 brz-css-ttdRE\" data-brz-custom-id=\"rajrfmogxavzqxmdnymfilmnjubrsqngtsqo\">\n<div class=\"brz-bg\">\n<div class=\"brz-bg-image\"><\/div>\n<div class=\"brz-bg-color\"><\/div>\n<\/div>\n<div class=\"brz-container brz-css-vuccS\"><\/div>\n<\/div>\n<\/div>\n<div>\n<div class=\"brz-section__content brz-section--boxed brz-css-j8wc6 brz-css-o0gbg\" data-brz-custom-id=\"kbioxheewpfxjybaqnzdsarkwkphgpjeaiwr\">\n<div class=\"brz-bg\">\n<div class=\"brz-bg-image\"><\/div>\n<div class=\"brz-bg-color\"><\/div>\n<\/div>\n<div class=\"brz-container brz-css-vuccS\"><\/div>\n<\/div>\n<\/div>\n<\/div>\n<\/section>\n<section id=\"_kcxdytjfbbmpderewgkclzisqqimsmbntggt\" class=\"brz-section brz-css-lX_NS\">\n<div class=\"brz-section__content brz-section--boxed brz-css-j8wc6 brz-css-eDNQo\" data-brz-custom-id=\"jmdyytvkzoyltbckmquscutjxuuctsxjotaq\">\n<div class=\"brz-bg\">\n<div class=\"brz-bg-color\"><\/div>\n<\/div>\n<div class=\"brz-container brz-css-vuccS\">\n<div class=\"brz-row__container brz-css-btpWv\" data-brz-custom-id=\"pzzfefjbxcdchfdxpcdbicorkgavkzkrlwbe\">\n<div class=\"brz-bg\"><\/div>\n<div class=\"brz-row brz-css-pNtOs brz-css-sehVq\">\n<div class=\"brz-columns brz-css-lnzkp brz-css-uaGoT\" data-brz-custom-id=\"llvtjilwesitmlrvkxmhgytamazqfcgaeupj\">\n<div class=\"brz-bg\">\n<div class=\"brz-bg-color\"><\/div>\n<\/div>\n<div class=\"brz-column__items brz-css-sOttL brz-css-jxgwB\">\n<div id=\"\" class=\"brz-css-rPL8U brz-css-deV2p brz-wrapper\">\n<div class=\"brz-rich-text brz-rich-text__custom brz-css-oN63p\" data-brz-custom-id=\"hjnkbnoczkejnpinkcfntooqinlcganqifod\">\n<div data-brz-translate-text=\"1\">\n<h3 class=\"brz-text-lg-left ql-align-justify brz-text-sm-left brz-tp-lg-heading3 brz-css-kJneV\" data-uniq-id=\"d42wq\" data-generated-css=\"brz-css-eF4ML\"><strong class=\"brz-cp-color4 brz-capitalize-on\" style=\"opacity: 1\">BOOK GUIDED TOUR<\/strong> <\/h3>\n<\/div>\n<\/div>\n<\/div>\n<div id=\"\" class=\"brz-css-rPL8U brz-css-z6gPf brz-wrapper\">\n<div class=\"brz-rich-text brz-rich-text__custom brz-css-oN63p\" data-brz-custom-id=\"jnxexkiutuyrjsgytjkwmzyfolvkujldnewg\">\n<div data-brz-translate-text=\"1\">\n<p class=\"ql-align-justify brz-text-sm-left brz-tp-lg-paragraph brz-text-lg-left brz-css-pN0JI\" data-generated-css=\"brz-css-jvmFO\" data-uniq-id=\"u3wBS\"><span class=\"brz-cp-color4\" style=\"opacity: 1\">Book a customised tour at the museum.\u2028We offer tours of the permanent collection or the current exhibition. The tours are always led by art historians with extensive guide experience. Combine the tour with a walk in the park or a break at the caf\u00e9 for the perfect visit.<\/span><\/p>\n<\/div>\n<\/div>\n<\/div>\n<\/div>\n<\/div>\n<div class=\"brz-columns brz-css-lnzkp brz-css-spuAc\" data-brz-custom-id=\"plbkrsosahpnsfpgrcgsolfazlzxooromusn\">\n<div class=\"brz-bg\">\n<div class=\"brz-bg-color\"><\/div>\n<\/div>\n<div class=\"brz-column__items brz-css-sOttL brz-css-x60ur\">\n<div id=\"\" class=\"brz-css-rPL8U brz-css-eLReO brz-wrapper\">\n<div class=\"brz-rich-text brz-rich-text__custom brz-css-oN63p\" data-brz-custom-id=\"lilkmntcahpekpmddoauzikhpvfjbalbvxvt\">\n<div data-brz-translate-text=\"1\">\n<h3 class=\"brz-text-xs-left brz-tp-sm-heading3 brz-text-sm-right brz-bcp-color2 brz-text-lg-right ql-align-justify brz-lh-lg-1_1 brz-ls-lg-m_0_5 brz-fw-lg-700 brz-fss-lg-px brz-fs-lg-34 brz-ft-upload brz-ff-zrspyosessrzchpugpaouaphyhhgwgpizzpx brz-tp-xs-heading2 brz-tp-lg-heading3 brz-css-gGU8E\" data-generated-css=\"brz-css-t3xQi\" data-uniq-id=\"bEgkg\"><strong class=\"brz-capitalize-on\" style=\"opacity: 1\">Practical <\/strong><\/h3>\n<h3 class=\"brz-text-xs-left brz-tp-sm-heading3 brz-text-sm-right brz-bcp-color2 brz-text-lg-right ql-align-justify brz-lh-lg-1_1 brz-ls-lg-m_0_5 brz-fw-lg-700 brz-fss-lg-px brz-fs-lg-34 brz-ft-upload brz-ff-zrspyosessrzchpugpaouaphyhhgwgpizzpx brz-tp-xs-heading2 brz-tp-lg-heading3 brz-css-hmWxJ\" data-generated-css=\"brz-css-t3xQi\" data-uniq-id=\"bEgkg\"><strong class=\"brz-capitalize-on\" style=\"opacity: 1\">information<\/strong><\/h3>\n<\/div>\n<\/div>\n<\/div>\n<div id=\"\" class=\"brz-css-rPL8U brz-css-gP3OR brz-css-xw3fj brz-wrapper\">\n<div class=\"brz-spacer brz-css-id2cR brz-css-vXPfS\"><\/div>\n<\/div>\n<div class=\"brz-row__container brz-css-btpWv\" data-brz-custom-id=\"khzqjutjusgcprelkhtahzrhjshznerywbug\">\n<div class=\"brz-bg\"><\/div>\n<div class=\"brz-row brz-row--inner brz-css-pNtOs brz-css-sehVq\">\n<div class=\"brz-columns brz-css-lnzkp brz-css-p7LUP\" data-brz-custom-id=\"nzkzlsfmztialehrxniqxtifntmyghygwpcj\">\n<div class=\"brz-bg\"><\/div>\n<div class=\"brz-column__items brz-css-sOttL brz-css-m9er2\">\n<div id=\"\" class=\"brz-css-rPL8U brz-css-dpJwM brz-wrapper\">\n<div class=\"brz-rich-text brz-rich-text__custom brz-css-oN63p\" data-brz-custom-id=\"ngblucqjlgnxqbxzpekgmgcthqbmftalrtps\">\n<div data-brz-translate-text=\"1\">\n<h4 class=\"brz-text-sm-center brz-bcp-color2 brz-tp-lg-heading4 ql-align-justify brz-text-lg-right brz-text-xs-left brz-css-d82M9\" data-generated-css=\"brz-css-yjssj\" data-uniq-id=\"ygphc\"><strong class=\"brz-capitalize-on brz-cp-color5\" style=\"opacity: 1\">MAX 25<\/strong><\/h4>\n<\/div>\n<\/div>\n<\/div>\n<div id=\"\" class=\"brz-css-rPL8U brz-css-rZDt3 brz-wrapper\">\n<div class=\"brz-line brz-line-default brz-css-i9FKj brz-css-kggCk\" data-brz-custom-id=\"dnituolnogazrxzwraavzhuvoxnxiynhswze\">\n<hr class=\"brz-hr\"><\/div>\n<\/div>\n<div id=\"\" class=\"brz-css-rPL8U brz-css-e6Q0Y brz-wrapper\">\n<div class=\"brz-rich-text brz-rich-text__custom brz-css-oN63p\" data-brz-custom-id=\"ztwidsqocyueclaanncpdvbgbkxxzbkianxm\">\n<div data-brz-translate-text=\"1\">\n<p class=\"brz-text-lg-right brz-tp-lg-xbtnsugexxvtjsqyyvsygmztshknocthmsyx ql-align-justify brz-text-sm-center brz-text-xs-left brz-bcp-color4 brz-css-oBznc\" data-generated-css=\"brz-css-hYI79\" data-uniq-id=\"zyjfh\"><span class=\"brz-cp-color4\" style=\"opacity: 1\">Maximum 25 participants per tour group<\/span><\/p>\n<\/div>\n<\/div>\n<\/div>\n<\/div>\n<\/div>\n<div class=\"brz-columns brz-css-lnzkp brz-css-gtv0z\" data-brz-custom-id=\"jzuwgfpaegqfvcwfrshbypkdgpfvzvnhjuxu\">\n<div class=\"brz-bg\"><\/div>\n<div class=\"brz-column__items brz-css-sOttL brz-css-gveuv\">\n<div id=\"\" class=\"brz-css-rPL8U brz-css-dKTXh brz-wrapper\">\n<div class=\"brz-rich-text brz-rich-text__custom brz-css-oN63p\" data-brz-custom-id=\"fwqgcekbjwuyottprxaffpmenjghfgqoxyyo\">\n<div data-brz-translate-text=\"1\">\n<h4 class=\"brz-text-sm-center brz-bcp-color2 brz-tp-lg-heading4 ql-align-justify brz-text-lg-right brz-text-xs-left brz-css-wLZjB\" data-generated-css=\"brz-css-uxqjv\" data-uniq-id=\"wbpzy\"><strong class=\"brz-capitalize-on brz-cp-color5\" style=\"opacity: 1\">1 time<\/strong><\/h4>\n<\/div>\n<\/div>\n<\/div>\n<div id=\"\" class=\"brz-css-rPL8U brz-css-xyN1E brz-wrapper\">\n<div class=\"brz-line brz-line-default brz-css-i9FKj brz-css-v_Ixs\" data-brz-custom-id=\"fhgzhferbasihazarkskojtwoqsflmplaebu\">\n<hr class=\"brz-hr\"><\/div>\n<\/div>\n<div id=\"\" class=\"brz-css-rPL8U brz-css-zhNs6 brz-wrapper\">\n<div class=\"brz-rich-text brz-rich-text__custom brz-css-oN63p\" data-brz-custom-id=\"kcmgfaewibpgninzqejdfzxlhtakxgiwenho\">\n<div data-brz-translate-text=\"1\">\n<p class=\"brz-text-lg-right brz-bcp-color4 brz-tp-lg-xbtnsugexxvtjsqyyvsygmztshknocthmsyx ql-align-justify brz-text-sm-center brz-text-xs-left brz-css-hkI3k\" data-uniq-id=\"xeTOP\" data-generated-css=\"brz-css-f9Oac\" style=\"opacity: 1\"><span class=\"brz-cp-color4\" style=\"opacity: 1\">A tour lasts approx. 1 hour<\/span><\/p>\n<\/div>\n<\/div>\n<\/div>\n<\/div>\n<\/div>\n<div class=\"brz-columns brz-css-lnzkp brz-css-wFPCm\" data-brz-custom-id=\"xqykxaxzcveylrytrlhbnixbyxebjkzrnmnn\">\n<div class=\"brz-bg\"><\/div>\n<div class=\"brz-column__items brz-css-sOttL brz-css-fOfWi\">\n<div id=\"\" class=\"brz-css-rPL8U brz-css-rZPlS brz-wrapper\">\n<div class=\"brz-rich-text brz-rich-text__custom brz-css-oN63p\" data-brz-custom-id=\"lzbunjrkytrotzxtgqrymlzrimocggyyzags\">\n<div data-brz-translate-text=\"1\">\n<h4 class=\"brz-text-sm-center ql-align-justify brz-tp-lg-heading4 brz-bcp-color2 brz-text-lg-right brz-text-xs-left brz-css-vY90L\" data-uniq-id=\"wnnlr\" data-generated-css=\"brz-css-tkufl\"><strong class=\"brz-capitalize-on brz-cp-color5\" style=\"opacity: 1\">800 kr.<\/strong><\/h4>\n<\/div>\n<\/div>\n<\/div>\n<div id=\"\" class=\"brz-css-rPL8U brz-css-eaPSt brz-wrapper\">\n<div class=\"brz-line brz-line-default brz-css-i9FKj brz-css-mMeiC\" data-brz-custom-id=\"oauhkbyemieaihblxxeprjzgzbrcfinizido\">\n<hr class=\"brz-hr\"><\/div>\n<\/div>\n<div id=\"\" class=\"brz-css-rPL8U brz-css-fX9rk brz-wrapper\">\n<div class=\"brz-rich-text brz-rich-text__custom brz-css-oN63p\" data-brz-custom-id=\"kjtofwezaqshbupxcjiktumdysgapaxfjaqo\">\n<div data-brz-translate-text=\"1\">\n<p class=\"brz-text-lg-right brz-bcp-color4 ql-align-justify brz-tp-lg-xbtnsugexxvtjsqyyvsygmztshknocthmsyx brz-text-sm-center brz-text-xs-left brz-css-lSnRM\" data-generated-css=\"brz-css-eIvYc\" data-uniq-id=\"lPn9v\" style=\"opacity: 1\"><span class=\"brz-cp-color4\" style=\"opacity: 1\">The price is dkk 800 excl. admission<\/span><\/p>\n<\/div>\n<\/div>\n<\/div>\n<\/div>\n<\/div>\n<\/div>\n<\/div>\n<\/div>\n<\/div>\n<\/div>\n<\/div>\n<\/div>\n<\/div>\n<\/section>\n<section id=\"_shqbvykyicmslwdmbinbloxibopevdnwldsy\" class=\"brz-section brz-css-lX_NS\">\n<div class=\"brz-section__content brz-section--boxed brz-css-j8wc6 brz-css-wk92N\" data-brz-custom-id=\"muhacgaagyvdltsxufvouopdhgwkejlsrcva\">\n<div class=\"brz-bg\">\n<div class=\"brz-bg-color\"><\/div>\n<\/div>\n<div class=\"brz-container brz-css-vuccS\">\n<div class=\"brz-row__container brz-css-btpWv\" data-brz-custom-id=\"lsocglnnbyyrvnkrjfcpnxcnqdrtneybnqce\">\n<div class=\"brz-bg\"><\/div>\n<div class=\"brz-row brz-css-pNtOs brz-css-sehVq\">\n<div class=\"brz-columns brz-css-lnzkp brz-css-jlhWP\" data-brz-custom-id=\"muspxsvopcobbrtjyiejboxjheyjvjmmofiw\">\n<div class=\"brz-bg\"><\/div>\n<div class=\"brz-column__items brz-css-sOttL brz-css-vM72o\">\n<div id=\"\" class=\"brz-css-rPL8U brz-wrapper\">\n<div class=\"brz-rich-text brz-rich-text__custom brz-css-oN63p\" data-brz-custom-id=\"otrxuxmhyigxyljopikeqzachluknjvpkxsv\">\n<div data-brz-translate-text=\"1\">\n<h2 class=\"brz-text-xs-center brz-text-sm-left ql-align-justify brz-tp-lg-heading2 brz-text-lg-left brz-css-dUh56\" data-generated-css=\"brz-css-yUpxV\" data-uniq-id=\"bCRWW\"><strong class=\"brz-capitalize-on brz-cp-color4\" style=\"opacity: 1\">BOOK GUIDED TOUR<\/strong><\/h2>\n<\/div>\n<\/div>\n<\/div>\n<\/div>\n<\/div>\n<div class=\"brz-columns brz-css-lnzkp brz-css-tHWlt\" data-brz-custom-id=\"tfzssgnruilruyagkebmnqlsynbnhoxsgzin\">\n<div class=\"brz-bg\"><\/div>\n<div class=\"brz-column__items brz-css-sOttL brz-css-zhqmC\">\n<div id=\"\" class=\"brz-css-rPL8U brz-wrapper\">\n<div class=\"brz-rich-text brz-rich-text__custom brz-css-oN63p\" data-brz-custom-id=\"fbjzlsptyhowxduviaxyjtrmzdbgzokaunqs\">\n<div data-brz-translate-text=\"1\">\n<h3 class=\"brz-text-xs-center brz-tp-lg-heading3 brz-text-lg-left ql-align-justify brz-text-sm-left brz-css-b8Wm4\" data-uniq-id=\"wm60b\" data-generated-css=\"brz-css-rfTxK\"><span class=\"brz-cp-color4\" style=\"opacity: 1\">using the form below<\/span><\/h3>\n<\/div>\n<\/div>\n<\/div>\n<\/div>\n<\/div>\n<div class=\"brz-columns brz-css-lnzkp brz-css-d9xfW\" data-brz-custom-id=\"iiddaxgrhzgpsagcswjniwzfolystrxuosbo\">\n<div class=\"brz-bg\"><\/div>\n<div class=\"brz-column__items brz-css-sOttL\">\n<div data-brz-iteration-count=\"1\" class=\"brz-wrapper-clone brz-css-bVCWp brz-css-f7bMF brz-animated brz-css-vJ0Hp brz-css-dCISR\" data-animationid=\"kzermzogssevogkwfoelrnhpkjpdmgyucrdr\">\n<div class=\"brz-d-xs-flex brz-flex-xs-wrap brz-css-ychsS brz-css-e1rWc\" data-brz-custom-id=\"\">\n<div class=\"brz-wrapper-clone__item\" id=\"zscvmjlysghwtioxxpxzcwooiahcjjxxlmme\">\n<div class=\"brz-icon__container\" data-brz-custom-id=\"zscvmjlysghwtioxxpxzcwooiahcjjxxlmme\">\n<div class=\"brz-hover-animation__container\" data-brz-hover-animationid=\"kzermzogssevogkwfoelrnhpkjpdmgyucrdr\" data-brz-hover-options=\"%7B%22duration%22:1200,%22iterations%22:1%7D\" data-brz-hover-reversible=\"true\" data-brz-hover-target=\"%22firstChild%22\"><span class=\"brz-icon brz-span brz-css-mhNvK brz-css-wQcPw\"><\/span><\/div>\n<\/div>\n<\/div>\n<\/div>\n<\/div>\n<\/div>\n<\/div>\n<\/div>\n<\/div>\n<div id=\"\" class=\"brz-css-rPL8U brz-css-cPmIE brz-wrapper\">\n<div class=\"brz-rich-text brz-rich-text__custom brz-css-oN63p\" data-brz-custom-id=\"aimQJ9RbMErr\">\n<div data-brz-translate-text=\"1\">\n<p class=\"brz-text-xs-center brz-tp-lg-paragraph brz-css-qB7XG\" data-generated-css=\"brz-css-ojACg\" data-uniq-id=\"i15QS\"><span class=\"brz-cp-color4\" style=\"opacity: 1\">Remember to include&nbsp;<\/span><strong class=\"brz-cp-color4\" style=\"opacity: 1\">name<\/strong><span class=\"brz-cp-color4\" style=\"opacity: 1\">,&nbsp;<\/span><strong class=\"brz-cp-color4\" style=\"opacity: 1\">address<\/strong><span class=\"brz-cp-color4\" style=\"opacity: 1\">&nbsp;and&nbsp;<\/span><strong class=\"brz-cp-color4\" style=\"opacity: 1\">telephone number<\/strong><span class=\"brz-cp-color4\" style=\"opacity: 1\">, as well as the&nbsp;<\/span><strong class=\"brz-cp-color4\" style=\"opacity: 1\">desired date&nbsp;<\/strong><span class=\"brz-cp-color4\" style=\"opacity: 1\">and<\/span><strong class=\"brz-cp-color4\" style=\"opacity: 1\">&nbsp;time<\/strong><span class=\"brz-cp-color4\" style=\"opacity: 1\">&nbsp;for the tour.<\/span><\/p>\n<p class=\"brz-text-xs-center brz-tp-lg-paragraph brz-css-bzfYo\" data-generated-css=\"brz-css-s0QNo\" data-uniq-id=\"ebFCg\"><span class=\"brz-cp-color4\" style=\"opacity: 1\">We will send a confirmation of the booking once date, time and, if requested, catering at the caf\u00e9, have been arranged.<\/span><\/p>\n<\/div>\n<\/div>\n<\/div>\n<div id=\"\" class=\"brz-css-rPL8U brz-css-gP3OR brz-wrapper\">\n<div class=\"brz-spacer brz-css-id2cR brz-css-pOOkr\"><\/div>\n<\/div>\n<div class=\"brz-row__container brz-css-btpWv\" data-brz-custom-id=\"uixndexmgypvxancnechddzpkvzzejcchwjg\">\n<div class=\"brz-bg\"><\/div>\n<div class=\"brz-row brz-css-pNtOs brz-css-sehVq\">\n<div class=\"brz-columns brz-css-lnzkp brz-css-cShAe\" data-brz-custom-id=\"cgxofrbomjvtghjksurwvijqpkaacfofeglr\">\n<div class=\"brz-bg\">\n<div class=\"brz-bg-color\"><\/div>\n<\/div>\n<div class=\"brz-column__items brz-css-sOttL brz-css-j48yO\">\n<div class=\"brz-row__container brz-css-btpWv\" data-brz-custom-id=\"vyqipneuznanyyoieewpmahnbncykhqdvuei\">\n<div class=\"brz-bg\"><\/div>\n<div class=\"brz-row brz-row--inner brz-css-pNtOs brz-css-sehVq\">\n<div id=\"omvisning-formular\" class=\"brz-columns brz-css-lnzkp brz-css-hN1zS\" data-brz-custom-id=\"yjxyvvhlpvyduqbucfzzwdojxazywmgfppqf\">\n<div class=\"brz-bg\">\n<div class=\"brz-bg-color\"><\/div>\n<\/div>\n<div class=\"brz-column__items brz-css-sOttL brz-css-vppAf\">\n<div id=\"\" class=\"brz-css-rPL8U brz-wrapper\">\n<div class=\"brz-wp-shortcode brz-css-s0rBY\" data-brz-custom-id=\"fX6378dPPtwx\">\n<div><\/div>\n<\/div>\n<\/div>\n<\/div>\n<\/div>\n<\/div>\n<\/div>\n<\/div>\n<\/div>\n<\/div>\n<\/div>\n<div class=\"brz-row__container brz-css-btpWv\" data-brz-custom-id=\"bpluofzhhtzkvgxczlfrlysfdvracszfgfqr\">\n<div class=\"brz-bg\"><\/div>\n<div class=\"brz-row brz-css-pNtOs brz-css-sehVq\">\n<div class=\"brz-columns brz-css-lnzkp brz-css-vGbuR\" data-brz-custom-id=\"uhnzabaaydjfrbyvfhyefbrgcpnqycvvjige\">\n<div class=\"brz-bg\"><\/div>\n<div class=\"brz-column__items brz-css-sOttL brz-css-un36S\">\n<div id=\"\" class=\"brz-css-rPL8U brz-css-gP3OR brz-css-mIXei brz-wrapper\">\n<div class=\"brz-spacer brz-css-id2cR brz-css-cAO4d\"><\/div>\n<\/div>\n<div id=\"\" class=\"brz-css-rPL8U brz-css-niKgf brz-wrapper\">\n<div class=\"brz-rich-text brz-rich-text__custom brz-css-oN63p\" data-brz-custom-id=\"olgoqpqhrchjxdqjnzahctfxmwmhbdiiawhx\">\n<div data-brz-translate-text=\"1\">\n<p class=\"brz-text-xs-center brz-tp-lg-paragraph brz-css-d6qsk\" data-generated-css=\"brz-css-tjeij\" data-uniq-id=\"djlfy\"><strong style=\"opacity: 1\" class=\"brz-cp-color4\"><em>OBS:<\/em><\/strong><em style=\"opacity: 1\" class=\"brz-cp-color4\"> Der g\u00f8res opm\u00e6rksom p\u00e5, at aftalen f\u00f8rst er g\u00e6ldende ved modtagelse af bekr\u00e6ftelse.<\/em><\/p>\n<p class=\"brz-text-xs-center brz-tp-lg-paragraph brz-css-p64xF\" data-generated-css=\"brz-css-zfinp\" data-uniq-id=\"uyicb\"><em style=\"opacity: 1\" class=\"brz-cp-color4\">Bliver omvisningen\/arrangementet aflyst senere end 6 dage f\u00f8r arrangementsdato, bliver vi desv\u00e6rre n\u00f8dt til at opkr\u00e6ve 50% af arrangementets pris.<\/em><\/p>\n<\/div>\n<\/div>\n<\/div>\n<\/div>\n<\/div>\n<\/div>\n<\/div>\n<\/div>\n<\/div>\n<\/section>\n<\/div>\n<p>    <!-- version:1731671291 --><\/p>\n","protected":false},"excerpt":{"rendered":"<p>Book guided tour BOOK GUIDED TOUR Book a customised tour at the museum.\u2028We offer tours of the permanent collection or the current exhibition. The tours are always led by art [&hellip;]<\/p>\n","protected":false},"author":2,"featured_media":0,"parent":0,"menu_order":0,"comment_status":"closed","ping_status":"closed","template":"brizy-blank-template.php","meta":{"_acf_changed":false,"footnotes":""},"class_list":["post-77899","page","type-page","status-publish","hentry"],"blocksy_meta":[],"acf":[],"brizy_media":[{"id":991,"url":"https:\/\/nivaagaard.dk\/wp-content\/uploads\/2023\/04\/Bliv-aarskortholder_banner3.jpg","name":"Bliv-aarskortholder_banner3.jpg","meta":{"brizy_attachment_uid":"wp-14e9dbbb60f38c883aa58bdd5a1e7e1c.jpg","brizy_post_uid":["7c961e441275d4c459384d4d19b1c0cc","93c7e635d5d141819edede53b92f26e2","f011d4a2889be4e4197476189337321b"]}},{"id":6672,"url":"https:\/\/nivaagaard.dk\/wp-content\/uploads\/2023\/06\/samling-forside.jpg","name":"samling-forside.jpg","meta":{"brizy_attachment_uid":"wp-243227cd87e60b04268511df320486d3.jpg","brizy_post_uid":["fd61453f1ad5f189b62499c01ff5807a","93c7e635d5d141819edede53b92f26e2","f011d4a2889be4e4197476189337321b","a0cc1233cef6ddb90721dd8e2765351f"]}},{"id":17181,"url":"https:\/\/nivaagaard.dk\/wp-content\/uploads\/2023\/07\/nivaagaards-malerisamling.-foto-david-kahr-904x603-1.jpg","name":"nivaagaards-malerisamling.-foto-david-kahr-904x603-1.jpg","meta":{"brizy_attachment_uid":"wp-b71055a57604bc209983e99ee4721cde.jpg","brizy_post_uid":["f011d4a2889be4e4197476189337321b","93c7e635d5d141819edede53b92f26e2","bab01068f85f94ab90fc331fc3a1a007"]}},{"id":22994,"url":"https:\/\/nivaagaard.dk\/wp-content\/uploads\/2023\/07\/Besoeg-museet-praktisk-info_2.jpg","name":"Besoeg-museet-praktisk-info_2.jpg","meta":{"brizy_attachment_uid":"wp-81db142bbf004edcd6a67db3ea77fb62.jpg","brizy_post_uid":["93c7e635d5d141819edede53b92f26e2"]}},{"id":22996,"url":"https:\/\/nivaagaard.dk\/wp-content\/uploads\/2023\/07\/Besoeg-museet-praktisk-info_4.jpg","name":"Besoeg-museet-praktisk-info_4.jpg","meta":{"brizy_attachment_uid":"wp-a0fb79ac7d9072e17d67c315e77b1819.jpg","brizy_post_uid":["93c7e635d5d141819edede53b92f26e2","82160af04efa3ac0422eb53b8a24dcc3"]}},{"id":22997,"url":"https:\/\/nivaagaard.dk\/wp-content\/uploads\/2023\/07\/Besoeg-museet-praktisk-info.jpg","name":"Besoeg-museet-praktisk-info.jpg","meta":{"brizy_attachment_uid":"wp-dc497cbd596c42233cbc70baa821007f.jpg","brizy_post_uid":["93c7e635d5d141819edede53b92f26e2","82160af04efa3ac0422eb53b8a24dcc3"]}},{"id":23278,"url":"https:\/\/nivaagaard.dk\/wp-content\/uploads\/2023\/07\/Brug-kunsten-som-livskompas-scaled.jpg","name":"Brug-kunsten-som-livskompas.jpg","meta":{"brizy_attachment_uid":"wp-b16c39123cb76080acc1a0a41b6d82b2.jpg","brizy_post_uid":["93c7e635d5d141819edede53b92f26e2","bab01068f85f94ab90fc331fc3a1a007"]}},{"id":43370,"url":"https:\/\/nivaagaard.dk\/wp-content\/uploads\/2023\/08\/97A5881-copy.jpg","name":"97A5881-copy.jpg","meta":{"brizy_attachment_uid":"wp-c33b821ccfed24583f87a9f0df22a12a.jpg","brizy_post_uid":["d7d408246a0a8cb209c3224ebff84b46","93c7e635d5d141819edede53b92f26e2"]}},{"id":43388,"url":"https:\/\/nivaagaard.dk\/wp-content\/uploads\/2023\/08\/Indgangsparti-scaled.jpg","name":"Indgangsparti.jpg","meta":{"brizy_attachment_uid":"wp-4e1d7e5f9ea34e154faf8618352840e8.jpg","brizy_post_uid":["3fc6695efdfb9fda38f49804c315d5f4","09417375e3b352e0bf4382d74a61e8c9","93c7e635d5d141819edede53b92f26e2"]}},{"id":46487,"url":"https:\/\/nivaagaard.dk\/wp-content\/uploads\/2023\/08\/P6A6997-1-scaled.jpeg","name":"P6A6997-1.jpeg","meta":{"brizy_attachment_uid":"wp-ec15848f2dbe70b6d2f12fab79c9e3cc.jpeg","brizy_post_uid":["93c7e635d5d141819edede53b92f26e2","7f4c6c471848e2934cf5fec8b29aa1fc"]}},{"id":46489,"url":"https:\/\/nivaagaard.dk\/wp-content\/uploads\/2023\/08\/P6A7149-1.jpeg","name":"P6A7149-1.jpeg","meta":{"brizy_attachment_uid":"wp-400e992674d1e0439ba3400260dbb5d7.jpeg","brizy_post_uid":["93c7e635d5d141819edede53b92f26e2"]}},{"id":46500,"url":"https:\/\/nivaagaard.dk\/wp-content\/uploads\/2023\/08\/P6A8734-scaled.jpeg","name":"P6A8734.jpeg","meta":{"brizy_attachment_uid":"wp-140895b06ba630e7f220c57028f51a22.jpeg","brizy_post_uid":["93c7e635d5d141819edede53b92f26e2"]}},{"id":65370,"url":"https:\/\/nivaagaard.dk\/wp-content\/uploads\/2023\/09\/0011NMK-scaled.jpg","name":"0011NMK.jpg","meta":{"brizy_attachment_uid":"wp-5db9dabec725e9a71f4983e2e93fc41f.jpg","brizy_post_uid":["a6ca24a916a37e1d14ee2498207902fd","93c7e635d5d141819edede53b92f26e2"]}},{"id":98285,"url":"https:\/\/nivaagaard.dk\/wp-content\/uploads\/2024\/03\/Parken-udkigspost-scaled.jpg","name":"Parken-udkigspost.jpg","meta":{"brizy_attachment_uid":"wp-e7d32dcbc03c6e9d21cc8bfda255498a.jpg","brizy_post_uid":["6bced7c93a6c6c1dadfcdfe603baba8d","93c7e635d5d141819edede53b92f26e2"]}},{"id":101941,"url":"https:\/\/nivaagaard.dk\/wp-content\/uploads\/2024\/04\/aaa_22-copy-scaled-e1712309707388.jpg","name":"aaa_22-copy.jpg","meta":{"brizy_attachment_uid":"wp-3c770a968096d4786536a4c4a94c12a6.jpg","brizy_post_uid":["93c7e635d5d141819edede53b92f26e2"]}}],"_links":{"self":[{"href":"https:\/\/nivaagaard.dk\/en\/wp-json\/wp\/v2\/pages\/77899","targetHints":{"allow":["GET"]}}],"collection":[{"href":"https:\/\/nivaagaard.dk\/en\/wp-json\/wp\/v2\/pages"}],"about":[{"href":"https:\/\/nivaagaard.dk\/en\/wp-json\/wp\/v2\/types\/page"}],"author":[{"embeddable":true,"href":"https:\/\/nivaagaard.dk\/en\/wp-json\/wp\/v2\/users\/2"}],"replies":[{"embeddable":true,"href":"https:\/\/nivaagaard.dk\/en\/wp-json\/wp\/v2\/comments?post=77899"}],"version-history":[{"count":0,"href":"https:\/\/nivaagaard.dk\/en\/wp-json\/wp\/v2\/pages\/77899\/revisions"}],"wp:attachment":[{"href":"https:\/\/nivaagaard.dk\/en\/wp-json\/wp\/v2\/media?parent=77899"}],"curies":[{"name":"wp","href":"https:\/\/api.w.org\/{rel}","templated":true}]}}