{"id":79450,"date":"2023-09-04T13:33:30","date_gmt":"2023-09-04T11:33:30","guid":{"rendered":"https:\/\/nivaagaard.dk\/forskningsprojekt-nyhed-4\/"},"modified":"2026-04-14T08:17:28","modified_gmt":"2026-04-14T06:17:28","slug":"forskningsprojekt-nyhed-4","status":"publish","type":"page","link":"https:\/\/nivaagaard.dk\/en\/forskningsprojekt-nyhed-4\/","title":{"rendered":"NEWS #4"},"content":{"rendered":"<div class=\"brz-root__container brz-reset-all brz\">\n<section id=\"_msofcdbxsrfdonpzttmughijfqfwmeqqigea\" class=\"brz-section brz-css-xHJBL brz-css-hvbfC\">\n<div class=\"brz-section__content brz-section--boxed brz-css-lUD3P brz-css-m85H4\" data-brz-custom-id=\"ggsvwqrudpoveteqgorwephzimflkckriaai\">\n<div class=\"brz-bg\">\n<div class=\"brz-bg-image\"><\/div>\n<div class=\"brz-bg-color\"><\/div>\n<\/div>\n<div class=\"brz-container brz-css-lJ1QQ\">\n<div id=\"\" class=\"brz-css-lE2HK brz-css-xUG9p brz-wrapper\">\n<div class=\"brz-rich-text brz-rich-text__custom brz-css-wSXo5\" data-brz-custom-id=\"pzzphzpbxlqygeaskoguteiotfihhdsreffo\">\n<div data-brz-translate-text=\"1\">\n<h3 class=\"brz-text-xs-center brz-tp-lg-heading3 brz-css-zMjxd\" data-generated-css=\"brz-css-kitPR\" data-uniq-id=\"tIfeQ\"><span class=\"brz-cp-color8\" style=\"opacity: 1\">NEWS #4<\/span><\/h3>\n<\/div>\n<\/div>\n<\/div>\n<div id=\"\" class=\"brz-css-lE2HK brz-css-fM3DR brz-wrapper\">\n<div class=\"brz-rich-text brz-rich-text__custom brz-css-wSXo5\" data-brz-custom-id=\"clzbzejijkoktrxdtrhyhpqarlzfyjuilnlx\">\n<div data-brz-translate-text=\"1\">\n<h1 class=\"brz-text-xs-center brz-tp-lg-mllouqxbljjoolnbrmvdewujpikjmewomokk brz-css-lmbHQ\" data-generated-css=\"brz-css-lZ2Vt\" data-uniq-id=\"nM7Wp\"><span class=\"brz-cp-color8\" style=\"opacity: 1\">THE EROTIC KITCHEN SCENE UNRAVELLED<\/span><\/h1>\n<\/div>\n<\/div>\n<\/div>\n<\/div>\n<\/div>\n<\/section>\n<section id=\"_osksdkmqirxffadbtovryipvqarzczkvfzfm\" class=\"brz-section brz-css-xHJBL\">\n<div class=\"brz-section__content brz-section--boxed brz-css-lUD3P brz-css-kzq0G\" data-brz-custom-id=\"bxhjlhjzsxlhyamhegweljrnmnlbtqvjoych\">\n<div class=\"brz-bg\">\n<div class=\"brz-bg-color\"><\/div>\n<div class=\"brz-bg-shape brz-bg-shape__bottom\"><\/div>\n<\/div>\n<div class=\"brz-container brz-css-lJ1QQ\">\n<div class=\"brz-row__container brz-css-sFpIq\" data-brz-custom-id=\"qefcqmpyqfhegnjslbycwnvyubttatkuriyn\">\n<div class=\"brz-bg\"><\/div>\n<div class=\"brz-row brz-css-uZiyH brz-css-doEs8\">\n<div class=\"brz-columns brz-css-f_PNL brz-css-o6GGu\" data-brz-custom-id=\"mphsomzudltutndruddiefabbstmgzselrnu\">\n<div class=\"brz-bg\"><\/div>\n<div class=\"brz-column__items brz-css-gelI7 brz-css-ziATS\">\n<div id=\"\" class=\"brz-css-lE2HK brz-css-mAq80 brz-wrapper\">\n<div class=\"brz-rich-text brz-rich-text__custom brz-css-wSXo5\" data-brz-custom-id=\"ivrychsjmjmpmkumpjvaeemvafsrwduipmqy\">\n<div data-brz-translate-text=\"1\">\n<h4 class=\"brz-tp-lg-heading4 brz-css-owndG\" data-uniq-id=\"fd5JT\" data-generated-css=\"brz-css-sdwrR\"><strong class=\"brz-cp-color4\" style=\"opacity: 1\">Why is the man in the painting wearing an apron \u2013 and was that the painter\u2019s original intention with the artwork? Angela Jager and J\u00f8rgen Wadum describe their latest research into Nicolas Walraven van Haeften\u2019s Declaration of love, 1702, and the revealing discoveries.<\/strong><\/h4>\n<\/div>\n<\/div>\n<\/div>\n<div id=\"\" class=\"brz-css-lE2HK brz-wrapper\">\n<div class=\"brz-rich-text brz-rich-text__custom brz-css-wSXo5\" data-brz-custom-id=\"xMIHHTRNEdot\">\n<div data-brz-translate-text=\"1\">\n<p class=\"brz-tp-lg-paragraph brz-css-xdxIP\" data-generated-css=\"brz-css-qbm5Z\" data-uniq-id=\"wuwdv\"><em class=\"brz-cp-color4\">\u2018Jean, it is very sweet to make love in the kitchen \/&nbsp;Marguerite, you start to like it, I see it clearly on your face\u2019<\/em><\/p>\n<\/div>\n<\/div>\n<\/div>\n<div id=\"\" class=\"brz-css-lE2HK brz-css-xqu3h brz-wrapper\">\n<div class=\"brz-spacer brz-css-p0VOC brz-css-ywr62\"><\/div>\n<\/div>\n<\/div>\n<\/div>\n<div class=\"brz-columns brz-css-f_PNL brz-css-j3yI0\" data-brz-custom-id=\"awjnuzykepdexzjzxjaqwdvagylqvjvntfjn\">\n<div class=\"brz-bg\"><\/div>\n<div class=\"brz-column__items brz-css-gelI7 brz-css-rTTg8\">\n<div id=\"\" class=\"brz-css-lE2HK brz-css-xqu3h brz-wrapper\">\n<div class=\"brz-spacer brz-css-p0VOC\"><\/div>\n<\/div>\n<\/div>\n<\/div>\n<\/div>\n<\/div>\n<div class=\"brz-row__container brz-css-sFpIq\" data-brz-custom-id=\"rklgtshsphmjyhroiegsytlbaxmagjuywwhg\">\n<div class=\"brz-bg\"><\/div>\n<div class=\"brz-row brz-css-uZiyH brz-css-i7bAX\">\n<div class=\"brz-columns brz-css-f_PNL brz-css-m70IX\" data-brz-custom-id=\"aazvnkxyphictbouvgwmsklaqsjcoefiodoz\">\n<div class=\"brz-bg\"><\/div>\n<div class=\"brz-column__items brz-css-gelI7 brz-css-oCnl0\">\n<div id=\"\" class=\"brz-css-lE2HK brz-css-kA3PS brz-wrapper\">\n<div class=\"brz-image brz-image__lightbox brz-css-gloLT\" data-brz-custom-id=\"dpdiqrmchaeihzwesulwnwyttdpyvdubizzo\"><a class=\"brz-a\" href=\"https:\/\/nivaagaard.dk\/en?brizy_media=wp-f9784ec2d381ebe93acb0c3d53dc4f4f.jpg&amp;brizy_crop=iW%3D5000%26iH%3Dany\" target=\"_self\" rel=\"noopener\" data-brz-link-type=\"lightBox\"><img decoding=\"async\" class=\"brz-img lazyload\" data-src=\"https:\/\/nivaagaard.dk\/en?brizy_media=wp-f9784ec2d381ebe93acb0c3d53dc4f4f.jpg&amp;brizy_crop=iW%3D371%26iH%3D485%26oX%3D0%26oY%3D0%26cW%3D371%26cH%3D485\" alt=\"\" src=\"data:image\/svg+xml;base64,PHN2ZyB3aWR0aD0iMSIgaGVpZ2h0PSIxIiB4bWxucz0iaHR0cDovL3d3dy53My5vcmcvMjAwMC9zdmciPjwvc3ZnPg==\"><\/a><\/div>\n<\/div>\n<div id=\"\" class=\"brz-css-lE2HK brz-wrapper\">\n<div class=\"brz-rich-text brz-rich-text__custom brz-css-wSXo5\" data-brz-custom-id=\"lsPProYNaNDv\">\n<div data-brz-translate-text=\"1\">\n<h6 data-generated-css=\"brz-css-ifyu2\" data-uniq-id=\"h217X\" class=\"brz-text-lg-right brz-tp-lg-heading6 brz-css-hH1Ve\"><strong class=\"brz-cp-color4\"><em>Nicolaes van Haeften, Declaration of love, 1702, inscribed on the reverse: \u2018N. van Haeften 1705\u2019. Oil on canvas, 41 x 32 cm.<\/em><\/strong><\/h6>\n<\/div>\n<\/div>\n<\/div>\n<\/div>\n<\/div>\n<div class=\"brz-columns brz-css-f_PNL brz-css-pvb0z\" data-brz-custom-id=\"datdaqomasqordeqwjlukazhtjsmaxmptgpo\">\n<div class=\"brz-bg\"><\/div>\n<div class=\"brz-column__items brz-css-gelI7 brz-css-qxdJJ\">\n<div id=\"\" class=\"brz-css-lE2HK brz-css-mlZSi brz-wrapper\">\n<div class=\"brz-rich-text brz-rich-text__custom brz-css-wSXo5\" data-brz-custom-id=\"iwlmlaglggesamjuaqymxgjxfpvhyhmpefbt\">\n<div data-brz-translate-text=\"1\">\n<p class=\"brz-tp-lg-paragraph brz-css-ham8R\" data-uniq-id=\"umafW\" data-generated-css=\"brz-css-qEeNz\"><span class=\"brz-cp-color4\" style=\"opacity: 1\">At first glance, this scene shows a woman in a kitchen interior cleaning vegetables in the company of a man. Looking closer, however, it becomes clear there is a sexual connotation to it. The way she holds the celery stick in the bowl on her lap and looks at the man sitting behind her is rather suggestive. The walls in the background show various curious objects that could be interpreted as referring to sexual intercourse and the male genitals, among others a small bottle holding a feather and a wooden shoe filled with pestles.<\/span><\/p>\n<p class=\"brz-tp-lg-paragraph brz-css-mhwAS\" data-uniq-id=\"n5Q8C\" data-generated-css=\"brz-css-tYPyC\"><\/p>\n<p class=\"brz-tp-lg-paragraph brz-css-wuZ4b\" data-uniq-id=\"aGMgC\" data-generated-css=\"brz-css-z5YUc\"><span class=\"brz-cp-color4\" style=\"opacity: 1\">The Dutch-born Nicolaes van Haeften (c. 1663-1715) lived in Paris at the time when the Declaration of love was painted. The reverse of the lined canvas bears the inscription \u2018N. van Haeften 1705\u2019.<\/span><strong class=\"brz-cp-color4\" style=\"opacity: 1\">[1]<\/strong><span class=\"brz-cp-color4\" style=\"opacity: 1\"> This must have been wrongly replicated from the original, as a reproduction print (in reverse) made by Van Haeften is dated 1702, and it is highly unlikely the artist made the painting after the print.<\/span><strong class=\"brz-cp-color4\" style=\"opacity: 1\">[2]<\/strong><\/p>\n<\/div>\n<\/div>\n<\/div>\n<\/div>\n<\/div>\n<div class=\"brz-columns brz-css-f_PNL brz-css-rsvS6\" data-brz-custom-id=\"obmoptfwisfgguykfmiuxqenbubplocvhtyr\">\n<div class=\"brz-bg\"><\/div>\n<div class=\"brz-column__items brz-css-gelI7\"><\/div>\n<\/div>\n<\/div>\n<\/div>\n<div class=\"brz-row__container brz-css-sFpIq\" data-brz-custom-id=\"wthnsygwklhlorgsxgyahctawbkiqkuymttk\">\n<div class=\"brz-bg\"><\/div>\n<div class=\"brz-row brz-css-uZiyH brz-css-kGPpD\">\n<div class=\"brz-columns brz-css-f_PNL brz-css-gsPBf\" data-brz-custom-id=\"jammldxjldkeashcnshyslrbtxjpjgytmsii\">\n<div class=\"brz-bg\"><\/div>\n<div class=\"brz-column__items brz-css-gelI7 brz-css-kXyOq\">\n<div id=\"\" class=\"brz-css-lE2HK brz-css-nL8Dm brz-wrapper\">\n<div class=\"brz-rich-text brz-rich-text__custom brz-css-wSXo5\" data-brz-custom-id=\"uanemksmpbwjariivnexfbtmxjjxjrqhlusl\">\n<div data-brz-translate-text=\"1\">\n<p data-uniq-id=\"psxB_\" data-generated-css=\"brz-css-eiDnY\" class=\"brz-tp-lg-paragraph brz-css-fi2pe\">The print confirms the erotic reading of the scene (fig. 2), as it includes an inscription in French which translates to \u2018Jean, it is very sweet to make love in the kitchen \/ Marguerite, you start to like it, I see it clearly on your face\u2019.<strong>[3] <\/strong><\/p>\n<p data-uniq-id=\"psxB_\" data-generated-css=\"brz-css-eiDnY\" class=\"brz-tp-lg-paragraph brz-css-vGxmC\"><\/p>\n<p class=\"brz-tp-lg-paragraph brz-css-aRVAF\" data-uniq-id=\"psxB_\" data-generated-css=\"brz-css-eiDnY\">In the print the man\u2019s excitement is visible in his pants and not covered with an apron as in the Nivaagaard painting. There are several other small differences, including a drawing attached to the brick wall of a man with a hat en profil. These elements, however, become visible in the Nivaagaard painting when we study it with digital false colour infrared imaging: *<\/p>\n<\/div>\n<\/div>\n<\/div>\n<\/div>\n<\/div>\n<div class=\"brz-columns brz-css-f_PNL brz-css-zI275\" data-brz-custom-id=\"iszmjlklgxxtzenwhzlsjnvyjwwxeevxcyms\">\n<div class=\"brz-bg\"><\/div>\n<div class=\"brz-column__items brz-css-gelI7 brz-css-jtsHH\">\n<div id=\"\" class=\"brz-css-lE2HK brz-css-xeydZ brz-wrapper\">\n<div class=\"brz-image brz-image__lightbox brz-css-f4QuU\" data-brz-custom-id=\"nnhydctffepfifjmfpzntaaiwjjrvomvlbsc\"><a class=\"brz-a\" href=\"https:\/\/nivaagaard.dk\/en?brizy_media=wp-6743bcc40ebebf274b01939a2fd24fba.jpg&amp;brizy_crop=iW%3D5000%26iH%3Dany\" target=\"_self\" rel=\"noopener\" data-brz-link-type=\"lightBox\"><img decoding=\"async\" class=\"brz-img lazyload\" data-src=\"https:\/\/nivaagaard.dk\/en?brizy_media=wp-6743bcc40ebebf274b01939a2fd24fba.jpg&amp;brizy_crop=iW%3D386%26iH%3D494%26oX%3D0%26oY%3D0%26cW%3D386%26cH%3D494\" alt=\"\" src=\"data:image\/svg+xml;base64,PHN2ZyB3aWR0aD0iMSIgaGVpZ2h0PSIxIiB4bWxucz0iaHR0cDovL3d3dy53My5vcmcvMjAwMC9zdmciPjwvc3ZnPg==\"><\/a><\/div>\n<\/div>\n<div id=\"\" class=\"brz-css-lE2HK brz-wrapper\">\n<div class=\"brz-rich-text brz-rich-text__custom brz-css-wSXo5\" data-brz-custom-id=\"frtcnuKBqexp\">\n<div data-brz-translate-text=\"1\">\n<h6 data-generated-css=\"brz-css-ph7uN\" data-uniq-id=\"tRwzR\" class=\"brz-text-lg-right brz-tp-lg-heading6 brz-css-sI9dy\"><em class=\"brz-cp-color4\">Nicolaes van Haeften, Amourous couple in the kitchen, signed lower left \u201cN. W. van haeften F.\u201d and dated upper left \u201c1702\u201d. Etching, 322 x 255. Amsterdam Rijksmuseum<\/em><\/h6>\n<\/div>\n<\/div>\n<\/div>\n<\/div>\n<\/div>\n<div class=\"brz-columns brz-css-f_PNL brz-css-dtd2l\" data-brz-custom-id=\"pjkbwpkbxcsmfmhkqakglybqsghjxycaqvxt\">\n<div class=\"brz-bg\"><\/div>\n<div class=\"brz-column__items brz-css-gelI7\"><\/div>\n<\/div>\n<\/div>\n<\/div>\n<div class=\"brz-row__container brz-css-sFpIq brz-css-bXl8s\" data-brz-custom-id=\"lwxxltdqktemmgshyuiqukaqhmaglfsugjal\">\n<div class=\"brz-bg\"><\/div>\n<div class=\"brz-row brz-css-uZiyH brz-css-xuJ5H\">\n<div class=\"brz-columns brz-css-f_PNL brz-css-rt3Bw\" data-brz-custom-id=\"aybngjkglnnfmbveflogiuzhoydwzsthnbjq\">\n<div class=\"brz-bg\"><\/div>\n<div class=\"brz-column__items brz-css-gelI7 brz-css-qTLSz\">\n<div id=\"\" class=\"brz-css-lE2HK brz-css-xAf4_ brz-wrapper\">\n<div class=\"brz-image brz-image__lightbox brz-css-lFTCa\" data-brz-custom-id=\"jkjyfkxtxplkwzzpfcrtfoezggaukonscawl\"><a class=\"brz-a\" href=\"https:\/\/nivaagaard.dk\/en?brizy_media=wp-70e4a2af1c9aeb583b0a3b23d0b5c23e.jpg&amp;brizy_crop=iW%3D5000%26iH%3Dany\" target=\"_self\" rel=\"noopener\" data-brz-link-type=\"lightBox\"><img decoding=\"async\" class=\"brz-img lazyload\" data-src=\"https:\/\/nivaagaard.dk\/en?brizy_media=wp-70e4a2af1c9aeb583b0a3b23d0b5c23e.jpg&amp;brizy_crop=iW%3D331%26iH%3D288%26oX%3D0%26oY%3D0%26cW%3D331%26cH%3D288\" alt=\"\" src=\"data:image\/svg+xml;base64,PHN2ZyB3aWR0aD0iMSIgaGVpZ2h0PSIxIiB4bWxucz0iaHR0cDovL3d3dy53My5vcmcvMjAwMC9zdmciPjwvc3ZnPg==\"><\/a><\/div>\n<\/div>\n<div id=\"\" class=\"brz-css-lE2HK brz-wrapper\">\n<div class=\"brz-rich-text brz-rich-text__custom brz-css-wSXo5\" data-brz-custom-id=\"zgjXl9AKWMcr\">\n<div data-brz-translate-text=\"1\">\n<h6 data-generated-css=\"brz-css-oMJc5\" data-uniq-id=\"kZMFy\" class=\"brz-tp-lg-heading6 brz-css-zWiSt\"><em class=\"brz-cp-color4\">False colour infrared image. J. Wadum<\/em><\/h6>\n<\/div>\n<\/div>\n<\/div>\n<\/div>\n<\/div>\n<div class=\"brz-columns brz-css-f_PNL brz-css-vTBFK\" data-brz-custom-id=\"biyekzyaulqeihpnmerytbjwelxhkaguzslj\">\n<div class=\"brz-bg\"><\/div>\n<div class=\"brz-column__items brz-css-gelI7 brz-css-jTIJE\">\n<div id=\"\" class=\"brz-css-lE2HK brz-wrapper\">\n<div class=\"brz-rich-text brz-rich-text__custom brz-css-wSXo5\" data-brz-custom-id=\"t97UBUGzSvkA\">\n<div data-brz-translate-text=\"1\">\n<p class=\"brz-tp-lg-paragraph brz-css-k0wtj\" data-uniq-id=\"gk63P\" data-generated-css=\"brz-css-dWTfW\"><span class=\"brz-cp-color4\">Not only the bulge below the overpaint becomes more readable but we also observe that the overpaint covering the man\u2019s kneeling leg has a distinct darker colour. The colour difference indicates a different pigment composition compared to that seen in his trousers below his stomach. This discovery indicates that these elements have been deliberately covered at a later date, presumably because of their erotic connotation.<\/span><\/p>\n<p class=\"brz-tp-lg-paragraph brz-css-kATil\" data-uniq-id=\"gk63P\" data-generated-css=\"brz-css-dWTfW\"><span class=\"brz-cp-color4\">The pairing of food and love or sexual desire was not unusual in Dutch art. Judging by Van Haeften\u2019s print and the accompanying French verse, the connection was also understood in France. Genre painters like Gerrit Dou made many paintings with women seductively cleaning or offering food. Food had a long association with lust. The pleasure of eating, tasting and smelling food was understood as a gateway to further bodily indulgences.<\/span><\/p>\n<\/div>\n<\/div>\n<\/div>\n<\/div>\n<\/div>\n<div class=\"brz-columns brz-css-f_PNL brz-css-zNO3x\" data-brz-custom-id=\"pwhpnnrgqzdbzymsnpzgfculbmkqgqsbrjlc\">\n<div class=\"brz-bg\"><\/div>\n<div class=\"brz-column__items brz-css-gelI7\"><\/div>\n<\/div>\n<\/div>\n<\/div>\n<div class=\"brz-row__container brz-css-sFpIq\" data-brz-custom-id=\"rvexpkanabpmxzdqqssawvcdetcpgzqedvpz\">\n<div class=\"brz-bg\"><\/div>\n<div class=\"brz-row brz-css-uZiyH brz-css-aSyTP\">\n<div class=\"brz-columns brz-css-f_PNL brz-css-pcAp5\" data-brz-custom-id=\"tyejovadytdyzseblpzwtvihwyjgvaktlmjg\">\n<div class=\"brz-bg\"><\/div>\n<div class=\"brz-column__items brz-css-gelI7 brz-css-uIE_k\">\n<div id=\"\" class=\"brz-css-lE2HK brz-css-xqu3h brz-wrapper\">\n<div class=\"brz-spacer brz-css-p0VOC brz-css-n1qb6\"><\/div>\n<\/div>\n<div id=\"\" class=\"brz-css-lE2HK brz-css-nrOV1 brz-wrapper\">\n<div class=\"brz-rich-text brz-rich-text__custom brz-css-wSXo5\" data-brz-custom-id=\"zbbszjqalklqnmjwacgcwhhxjxxkblmwxebk\">\n<div data-brz-translate-text=\"1\">\n<p data-uniq-id=\"qmUwv\" data-generated-css=\"brz-css-cYlEU\" class=\"brz-tp-lg-paragraph brz-css-m9z7K\"><strong class=\"brz-cp-color4\" style=\"opacity: 1\">* False colour image processing<\/strong><span class=\"brz-cp-color4\" style=\"opacity: 1\"> is a non-invasive technique that combines and rearranges the colour channels from one or multiple source images that results in a final composite image. The colours rendered in this resulting image do not match those that would be observed naturally by the human eye. These methods help visualise information not otherwise discernible.<\/span><\/p>\n<p class=\"brz-tp-lg-paragraph brz-css-cCO98\" data-uniq-id=\"qmUwv\" data-generated-css=\"brz-css-cYlEU\"><\/p>\n<p data-uniq-id=\"eIDXZ\" data-generated-css=\"brz-css-a2U17\" class=\"brz-tp-lg-paragraph brz-css-cTzmY\"><strong class=\"brz-cp-color4\" style=\"opacity: 1\">[1]<\/strong><span class=\"brz-cp-color4\" style=\"opacity: 1\"> Discovered during a conservation treatment in 1975.<\/span><\/p>\n<p class=\"brz-tp-lg-paragraph brz-css-gAuce\" data-uniq-id=\"eIDXZ\" data-generated-css=\"brz-css-a2U17\"><\/p>\n<p data-uniq-id=\"bMYel\" data-generated-css=\"brz-css-zegUG\" class=\"brz-tp-lg-paragraph brz-css-c80M3\"><strong class=\"brz-cp-color4\" style=\"opacity: 1\">[2]<\/strong><span class=\"brz-cp-color4\" style=\"opacity: 1\"> Also suggested by Cornelis Hofstede de Groot (https:\/\/rkd.nl\/explore\/excerpts\/197733) and F. Meijer; Fred G. Meijer, \u2018Nicolaes van Haeften, Prints and Paintings\u2019, in: Edwin Buijsen et al. (red.) Kunst op papier in de achttiende eeuw : Liber Amicorum Charles Dumas, 2014, pp. 142-153.<\/span><\/p>\n<p class=\"brz-tp-lg-paragraph brz-css-pib5Z\" data-uniq-id=\"bMYel\" data-generated-css=\"brz-css-zegUG\"><\/p>\n<p class=\"brz-tp-lg-paragraph brz-css-kPcVb\" data-uniq-id=\"hhkHT\" data-generated-css=\"brz-css-gH1_Q\"><strong class=\"brz-cp-color4\" style=\"opacity: 1\">[3]<\/strong><span class=\"brz-cp-color4\" style=\"opacity: 1\"> \u201cJean il est bien doux, de faire l\u2019amour dans la cuisine \/ Marguerite vous entr\u00e9s en go\u00fbt je le vois bien a v\u00f4tre mine\u201d. Translated by A. Lorne.<\/span><\/p>\n<\/div>\n<\/div>\n<\/div>\n<\/div>\n<\/div>\n<div class=\"brz-columns brz-css-f_PNL brz-css-zOzFH\" data-brz-custom-id=\"ysvcahnqvnuzbqqiligkqjrxsapctfirlevw\">\n<div class=\"brz-bg\"><\/div>\n<div class=\"brz-column__items brz-css-gelI7\"><\/div>\n<\/div>\n<\/div>\n<\/div>\n<\/div>\n<\/div>\n<\/section>\n<section id=\"_rpckaqervhrdmutqkzpknkcsigbzlbloakko\" class=\"brz-section brz-css-xHJBL\">\n<div class=\"brz-section__content brz-section--boxed brz-css-lUD3P brz-css-cNg3d\" data-brz-custom-id=\"exmfqhhlbxijulwrrnzxbqojgzwlgfdcxdmm\">\n<div class=\"brz-bg\">\n<div class=\"brz-bg-color\"><\/div>\n<\/div>\n<div class=\"brz-container brz-css-lJ1QQ\">\n<div class=\"brz-row__container brz-css-sFpIq\" data-brz-custom-id=\"cjxsprsjjhimbtxoufushmyojqypaatrcvys\">\n<div class=\"brz-bg\"><\/div>\n<div class=\"brz-row brz-css-uZiyH brz-css-doEs8\">\n<div class=\"brz-columns brz-css-f_PNL brz-css-ysHrf\" data-brz-custom-id=\"qxrhxylzpdobohdamrupjumkixkwqusyowqk\">\n<div class=\"brz-bg\">\n<div class=\"brz-bg-color\"><\/div>\n<\/div>\n<div class=\"brz-column__items brz-css-gelI7 brz-css-mxZTu\">\n<div id=\"\" class=\"brz-css-lE2HK brz-wrapper\">\n<div class=\"brz-rich-text brz-rich-text__custom brz-css-wSXo5\" data-brz-custom-id=\"pXbCZCKswq5Y\">\n<div data-brz-translate-text=\"1\">\n<h4 data-generated-css=\"brz-css-d9zMN\" data-uniq-id=\"k7j27\" class=\"brz-tp-lg-heading4 brz-css-ctJog\"><em class=\"brz-cp-color4\">BY ANGELA JAGER AND J\u00d8RGEN WADUM, 15 September 2022<\/em><\/h4>\n<p class=\"brz-tp-lg-paragraph brz-css-t0jp_\" data-generated-css=\"brz-css-m9hEO\" data-uniq-id=\"s4NWt\"><em class=\"brz-cp-color4\">The text is an expression of the discoveries made at the time of publication. We reserve the right to make changes as new information from the still ongoing research project may occur.<\/em><\/p>\n<\/div>\n<\/div>\n<\/div>\n<\/div>\n<\/div>\n<\/div>\n<\/div>\n<\/div>\n<\/div>\n<\/section>\n<\/div>\n<p>    <!-- version:1731666490 --><\/p>\n","protected":false},"excerpt":{"rendered":"<p>NEWS #4 THE EROTIC KITCHEN SCENE UNRAVELLED Why is the man in the painting wearing an apron \u2013 and was that the painter\u2019s original intention with the artwork? Angela Jager [&hellip;]<\/p>\n","protected":false},"author":2,"featured_media":0,"parent":0,"menu_order":0,"comment_status":"closed","ping_status":"closed","template":"brizy-blank-template.php","meta":{"_acf_changed":false,"footnotes":""},"class_list":["post-79450","page","type-page","status-publish","hentry"],"blocksy_meta":[],"acf":[],"brizy_media":[{"id":46917,"url":"https:\/\/nivaagaard.dk\/wp-content\/uploads\/2023\/08\/0015NMK-scaled.jpg","name":"0015NMK.jpg","meta":{"brizy_attachment_uid":"wp-f4ee40b1c38563b648a012cbc533db79.jpg","brizy_post_uid":["75f5f33b20a6f81a95f9314582255989","b40c761b349b3b55f9928acfbf2ff698","f50b8c50853699ad2581790806b2ddd2","f802b70d07aa76c3c0292a49efd85d3f","6fe11a6d5912d586880c7bec91f63c53","b9b606b4a56bee5302fc1ce324405033","601288d0115cceafcd0206308dd7af0e"]}},{"id":54243,"url":"https:\/\/nivaagaard.dk\/wp-content\/uploads\/2023\/09\/vGoyen-foto-1903-768x486-1.jpg","name":"vGoyen-foto-1903-768x486-1.jpg","meta":{"brizy_attachment_uid":"wp-442856b413726617add670624ce56f36.jpg","brizy_post_uid":["6fe11a6d5912d586880c7bec91f63c53"]}},{"id":54245,"url":"https:\/\/nivaagaard.dk\/wp-content\/uploads\/2023\/09\/Jan-van-Goyen-Huse-i-klitterne-u.aa_.jpg","name":"Jan-van-Goyen-Huse-i-klitterne-u.aa_.jpg","meta":{"brizy_attachment_uid":"wp-baaf15e23deec568ccd62f51d6a577ba.jpg","brizy_post_uid":["6fe11a6d5912d586880c7bec91f63c53","601288d0115cceafcd0206308dd7af0e"]}},{"id":54247,"url":"https:\/\/nivaagaard.dk\/wp-content\/uploads\/2023\/09\/vGoyen-back-768x679-1.jpg","name":"vGoyen-back-768x679-1.jpg","meta":{"brizy_attachment_uid":"wp-4d5ec8964ddca94b57866737bb14de8d.jpg","brizy_post_uid":["6fe11a6d5912d586880c7bec91f63c53"]}},{"id":54460,"url":"https:\/\/nivaagaard.dk\/wp-content\/uploads\/2023\/09\/jan-steen-cropped-540x493-1.jpg","name":"jan-steen-cropped-540x493-1.jpg","meta":{"brizy_attachment_uid":"wp-dd1a37e3a4a663e31f75d46093be3a02.jpg","brizy_post_uid":["6fe11a6d5912d586880c7bec91f63c53"]}},{"id":54462,"url":"https:\/\/nivaagaard.dk\/wp-content\/uploads\/2023\/09\/Steen-Jan-Boernenes-maaltid-ca.-1665.jpg","name":"Steen-Jan-Boernenes-maaltid-ca.-1665.jpg","meta":{"brizy_attachment_uid":"wp-ed137752d30fe46ec432e25f59786596.jpg","brizy_post_uid":["6fe11a6d5912d586880c7bec91f63c53"]}},{"id":54588,"url":"https:\/\/nivaagaard.dk\/wp-content\/uploads\/2023\/09\/Nicolas-Walraven-van-Haeften-Kaerlighedserklaeringen-1706-540x706-1.jpg","name":"Nicolas-Walraven-van-Haeften-Kaerlighedserklaeringen-1706-540x706-1.jpg","meta":{"brizy_attachment_uid":"wp-f9784ec2d381ebe93acb0c3d53dc4f4f.jpg","brizy_post_uid":["6fe11a6d5912d586880c7bec91f63c53"]}},{"id":54590,"url":"https:\/\/nivaagaard.dk\/wp-content\/uploads\/2023\/09\/Falsk-farve-infraroed-optagelse.jpg","name":"Falsk-farve-infraroed-optagelse.jpg","meta":{"brizy_attachment_uid":"wp-70e4a2af1c9aeb583b0a3b23d0b5c23e.jpg","brizy_post_uid":["6fe11a6d5912d586880c7bec91f63c53"]}},{"id":54592,"url":"https:\/\/nivaagaard.dk\/wp-content\/uploads\/2023\/09\/Radering-Amourous-par-1702.jpg","name":"Radering-Amourous-par-1702.jpg","meta":{"brizy_attachment_uid":"wp-6743bcc40ebebf274b01939a2fd24fba.jpg","brizy_post_uid":["6fe11a6d5912d586880c7bec91f63c53"]}},{"id":56109,"url":"https:\/\/nivaagaard.dk\/wp-content\/uploads\/2023\/09\/Detail-with-ghost-figure.jpg","name":"Detail-with-ghost-figure.jpg","meta":{"brizy_attachment_uid":"wp-9e2e06e9595728abd67b2968252ca4f0.jpg","brizy_post_uid":["6fe11a6d5912d586880c7bec91f63c53"]}},{"id":56111,"url":"https:\/\/nivaagaard.dk\/wp-content\/uploads\/2023\/09\/Udklip.jpg","name":"Udklip.jpg","meta":{"brizy_attachment_uid":"wp-20eaa4aadf76299a6d2ba6c0845b26d3.jpg","brizy_post_uid":["6fe11a6d5912d586880c7bec91f63c53"]}},{"id":56113,"url":"https:\/\/nivaagaard.dk\/wp-content\/uploads\/2023\/09\/Robert-Fludd.jpg","name":"Robert-Fludd.jpg","meta":{"brizy_attachment_uid":"wp-d41655fedac210b033bf9204a72e210d.jpg","brizy_post_uid":["6fe11a6d5912d586880c7bec91f63c53"]}},{"id":56115,"url":"https:\/\/nivaagaard.dk\/wp-content\/uploads\/2023\/09\/0060NMK-768x686-1.jpg","name":"0060NMK-768x686-1.jpg","meta":{"brizy_attachment_uid":"wp-519c1d2385ee77b699ea9ef1e830da7b.jpg","brizy_post_uid":["6fe11a6d5912d586880c7bec91f63c53","fd61453f1ad5f189b62499c01ff5807a"]}},{"id":61529,"url":"https:\/\/nivaagaard.dk\/wp-content\/uploads\/2023\/09\/Goyen-Jan-van-Huse-i-klitterne-u.aa_.-0024NMK-scaled.jpg","name":"Goyen-Jan-van-Huse-i-klitterne-u.aa_.-0024NMK.jpg","meta":{"brizy_attachment_uid":"wp-f2cba3f57f9050f47aa976f539de1367.jpg","brizy_post_uid":["6fe11a6d5912d586880c7bec91f63c53"]}},{"id":61556,"url":"https:\/\/nivaagaard.dk\/wp-content\/uploads\/2023\/09\/Velde-d.Y.-Willem-van-de-Stille-soe-u.aa_.-0060NMK-scaled.jpg","name":"Velde-d.Y.-Willem-van-de-Stille-soe-u.aa_.-0060NMK.jpg","meta":{"brizy_attachment_uid":"wp-0cb7ee6fc4272632abb74348436d535c.jpg","brizy_post_uid":["6fe11a6d5912d586880c7bec91f63c53"]}},{"id":61583,"url":"https:\/\/nivaagaard.dk\/wp-content\/uploads\/2023\/09\/Steen-Jan-Boernenes-maaltid-ca.-1665-0054NMK.jpg","name":"Steen-Jan-Boernenes-maaltid-ca.-1665-0054NMK.jpg","meta":{"brizy_attachment_uid":"wp-486621f3850d1f254be51300117ecb61.jpg","brizy_post_uid":["6fe11a6d5912d586880c7bec91f63c53"]}},{"id":61610,"url":"https:\/\/nivaagaard.dk\/wp-content\/uploads\/2023\/09\/Haeften-Nicolas-Walraven-van-Kaerlighedserklaeringen-1706-0026NMK-scaled.jpg","name":"Haeften-Nicolas-Walraven-van-Kaerlighedserklaeringen-1706-0026NMK.jpg","meta":{"brizy_attachment_uid":"wp-4d070a490eafeece427564e0fb0b3384.jpg","brizy_post_uid":["6fe11a6d5912d586880c7bec91f63c53"]}}],"_links":{"self":[{"href":"https:\/\/nivaagaard.dk\/en\/wp-json\/wp\/v2\/pages\/79450","targetHints":{"allow":["GET"]}}],"collection":[{"href":"https:\/\/nivaagaard.dk\/en\/wp-json\/wp\/v2\/pages"}],"about":[{"href":"https:\/\/nivaagaard.dk\/en\/wp-json\/wp\/v2\/types\/page"}],"author":[{"embeddable":true,"href":"https:\/\/nivaagaard.dk\/en\/wp-json\/wp\/v2\/users\/2"}],"replies":[{"embeddable":true,"href":"https:\/\/nivaagaard.dk\/en\/wp-json\/wp\/v2\/comments?post=79450"}],"version-history":[{"count":0,"href":"https:\/\/nivaagaard.dk\/en\/wp-json\/wp\/v2\/pages\/79450\/revisions"}],"wp:attachment":[{"href":"https:\/\/nivaagaard.dk\/en\/wp-json\/wp\/v2\/media?parent=79450"}],"curies":[{"name":"wp","href":"https:\/\/api.w.org\/{rel}","templated":true}]}}