{"id":94514,"date":"2024-02-15T10:35:16","date_gmt":"2024-02-15T09:35:16","guid":{"rendered":"https:\/\/nivaagaard.dk\/forskningsprojekt-nyhed-6\/"},"modified":"2026-04-14T08:17:35","modified_gmt":"2026-04-14T06:17:35","slug":"news-6","status":"publish","type":"page","link":"https:\/\/nivaagaard.dk\/en\/news-6\/","title":{"rendered":"NEWS #6"},"content":{"rendered":"<div class=\"brz-root__container brz-reset-all brz\">\n<section id=\"_ylz7PQ_kP_ig\" class=\"brz-section brz-css-wtUHt brz-css-qfwO9\">\n<div class=\"brz-section__content brz-section--boxed brz-css-cyrsl brz-css-aF4ZN\" data-brz-custom-id=\"xs1eVSSVMOa_\">\n<div class=\"brz-bg\">\n<div class=\"brz-bg-image\"><\/div>\n<div class=\"brz-bg-color\"><\/div>\n<\/div>\n<div class=\"brz-container brz-css-h8gRB\">\n<div id=\"\" class=\"brz-css-fwjNr brz-css-bVwtX brz-wrapper\">\n<div class=\"brz-rich-text brz-rich-text__custom brz-css-wHVYV\" data-brz-custom-id=\"kgk6VM3Dz8QW\">\n<div data-brz-translate-text=\"1\">\n<h3 class=\"brz-text-xs-center brz-ff-zrspyosessrzchpugpaouaphyhhgwgpizzpx brz-ft-upload brz-fs-lg-18 brz-fss-lg-px brz-fw-lg-400 brz-ls-lg-0_6 brz-lh-lg-1_4 brz-vfw-lg-400 brz-fwdth-lg-100 brz-fsft-lg-0 brz-tp-lg-heading3 brz-css-q2IL3\" data-uniq-id=\"ijGUe\" data-generated-css=\"brz-css-gN3HD\"><span style=\"opacity: 1\" class=\"brz-cp-color8 brz-capitalize-on\">News <\/span><span style=\"opacity: 1\" class=\"brz-cp-color8 brz-capitalize-on brz-pre-population-visible\">#<\/span><span style=\"opacity: 1\" class=\"brz-cp-color8 brz-capitalize-on\">6&nbsp;<\/span><\/h3>\n<\/div>\n<\/div>\n<\/div>\n<div id=\"\" class=\"brz-css-fwjNr brz-css-sjfCb brz-wrapper\">\n<div class=\"brz-rich-text brz-rich-text__custom brz-css-wHVYV\" data-brz-custom-id=\"k_k1_OcosmUM\">\n<div data-brz-translate-text=\"1\">\n<h1 class=\"brz-text-xs-center brz-tp-lg-mllouqxbljjoolnbrmvdewujpikjmewomokk brz-css-fKVJC\" data-generated-css=\"brz-css-sqpqm\" data-uniq-id=\"h8HOl\"><span class=\"brz-cp-color8\" style=\"opacity: 1\">Becoming Blue<\/span><\/h1>\n<\/div>\n<\/div>\n<\/div>\n<\/div>\n<\/div>\n<\/section>\n<section id=\"_c1hEuHVnWRQn\" class=\"brz-section brz-css-wtUHt\">\n<div class=\"brz-section__content brz-section--boxed brz-css-cyrsl brz-css-cTh7r\" data-brz-custom-id=\"lc15TebEitsY\">\n<div class=\"brz-bg\">\n<div class=\"brz-bg-color\"><\/div>\n<\/div>\n<div class=\"brz-container brz-css-h8gRB\">\n<div class=\"brz-row__container brz-css-fr6qn\" data-brz-custom-id=\"h3oIvWohrMfq\">\n<div class=\"brz-bg\"><\/div>\n<div class=\"brz-row brz-css-oUBvw brz-css-r7L8B\">\n<div class=\"brz-columns brz-css-w_Fdj brz-css-dtjPW\" data-brz-custom-id=\"xQOdHtkgBA0J\">\n<div class=\"brz-bg\"><\/div>\n<div class=\"brz-column__items brz-css-aXVa3 brz-css-kZFPO\">\n<div id=\"\" class=\"brz-css-fwjNr brz-css-qK1LL brz-wrapper\">\n<div class=\"brz-rich-text brz-rich-text__custom brz-css-wHVYV\" data-brz-custom-id=\"iCLawhZM87Vt\">\n<div data-brz-translate-text=\"1\">\n<p class=\"brz-tp-lg-paragraph brz-css-eDCq4\" data-generated-css=\"brz-css-bIezE\" data-uniq-id=\"xhKUh\"><span style=\"opacity: 1\" class=\"brz-cp-color4\">When Angela J\u00f8rgen Wadum study the many Dutch and Flemish paintings collected by Johannes Hage or later added to The Nivaagaard Collection, they scan the paintings with an infrared CCD camera (see story # 2) on a routine basis. <\/span><\/p>\n<p class=\"brz-tp-lg-paragraph brz-css-uXK03\" data-generated-css=\"brz-css-bIezE\" data-uniq-id=\"xhKUh\"><span style=\"opacity: 1\" class=\"brz-cp-color4\"> <\/span><\/p>\n<p class=\"brz-tp-lg-paragraph brz-css-lTavU\" data-generated-css=\"brz-css-yEFkt\" data-uniq-id=\"zRNFN\"><span style=\"opacity: 1\" class=\"brz-cp-color4\">Next, the researchers need high-resolution recordings, such as infrared and false color images. Conservation scientist Camilla Perondi, who specializes in photographic documentation via multispectral recordings that can record more wavelengths than the human eye can see, is then involved in the special process. <\/span><\/p>\n<\/div>\n<\/div>\n<\/div>\n<div id=\"\" class=\"brz-css-fwjNr brz-css-vpmlK brz-wrapper\">\n<div class=\"brz-rich-text brz-rich-text__custom brz-css-wHVYV\" data-brz-custom-id=\"wt725i6VljSA\">\n<div data-brz-translate-text=\"1\">\n<h4 class=\"brz-tp-lg-heading4 brz-css-k_Ovp\" data-uniq-id=\"bq0mL\" data-generated-css=\"brz-css-v8Gp_\"><strong style=\"opacity: 1\" class=\"brz-cp-color4\"> <\/strong><\/h4>\n<h4 class=\"brz-tp-lg-heading4 brz-css-dg_TY\" data-uniq-id=\"s64rF\" data-generated-css=\"brz-css-cVbcV\"><strong style=\"opacity: 1\" class=\"brz-cp-color4\">Blue pigments \u2013 a complicated story<\/strong><\/h4>\n<p class=\"brz-tp-lg-paragraph brz-css-eAnEK\" data-uniq-id=\"cHeHr\" data-generated-css=\"brz-css-rTcm7\"><span style=\"opacity: 1\" class=\"brz-cp-color4\">The many different blue pigments that painters have used throughout history have varied over time and in order to determine the time period of a painting they are essential to uncover. Prussian blue, for example, is a marker for paintings produced after 1706, when it was first produced in Berlin and immediately became hugely popular as it was cheap and had an excellent hiding power.<\/span><\/p>\n<p class=\"brz-tp-lg-paragraph brz-css-jj6HR\" data-uniq-id=\"wDfWk\" data-generated-css=\"brz-css-ajked\"><\/p>\n<p data-uniq-id=\"rUjrL\" data-generated-css=\"brz-css-xhlX0\" class=\"brz-tp-lg-paragraph brz-css-daCGk\"><span style=\"opacity: 1\" class=\"brz-cp-color4\">Apart from infrared imaging Camilla also performed multiband analysis of paintings to investigate the use of blue pigments in the composition. Although the imaging techniques are not inherently selective and do not provide precise identification of pigments or materials used in an artwork, they assist in narrowing down the range of possible materials to a smaller group based on their spectral response to different radiations.<\/span><\/p>\n<\/div>\n<\/div>\n<\/div>\n<\/div>\n<\/div>\n<div class=\"brz-columns brz-css-w_Fdj brz-css-o3rAs\" data-brz-custom-id=\"z8lxMepzq6_G\">\n<div class=\"brz-bg\"><\/div>\n<div class=\"brz-column__items brz-css-aXVa3 brz-css-m7Qr6\">\n<div id=\"\" class=\"brz-css-fwjNr brz-css-lOOFp brz-wrapper\">\n<div class=\"brz-spacer brz-css-dcSDR\"><\/div>\n<\/div>\n<\/div>\n<\/div>\n<\/div>\n<\/div>\n<div id=\"\" class=\"brz-css-fwjNr brz-css-lOOFp brz-css-ovvnB brz-wrapper\">\n<div class=\"brz-spacer brz-css-dcSDR brz-css-vArV9\"><\/div>\n<\/div>\n<div class=\"brz-row__container brz-css-fr6qn\" data-brz-custom-id=\"nhcFU_KUusdZ\">\n<div class=\"brz-bg\"><\/div>\n<div class=\"brz-row brz-css-oUBvw brz-css-r7L8B\">\n<div class=\"brz-columns brz-css-w_Fdj brz-css-aOF33\" data-brz-custom-id=\"e5lRV3pHag9u\">\n<div class=\"brz-bg\">\n<div class=\"brz-bg-color\"><\/div>\n<\/div>\n<div class=\"brz-column__items brz-css-aXVa3 brz-css-fcR9p\">\n<div id=\"\" class=\"brz-css-fwjNr brz-wrapper\">\n<div class=\"brz-image brz-css-aFOzT\" data-brz-custom-id=\"jBZ3oaQ895hE\"><img decoding=\"async\" class=\"brz-img lazyload\" data-src=\"https:\/\/nivaagaard.dk\/en?brizy_media=wp-23d9979fe10ee09e94b78c647e021166.jpg&amp;brizy_crop=iW%3D1326%26iH%3D1035%26oX%3D138%26oY%3D0%26cW%3D1050%26cH%3D1035\" alt=\"\" src=\"data:image\/svg+xml;base64,PHN2ZyB3aWR0aD0iMSIgaGVpZ2h0PSIxIiB4bWxucz0iaHR0cDovL3d3dy53My5vcmcvMjAwMC9zdmciPjwvc3ZnPg==\"><\/div>\n<\/div>\n<div id=\"\" class=\"brz-css-fwjNr brz-css-eaNdx brz-wrapper\">\n<div class=\"brz-rich-text brz-rich-text__custom brz-css-wHVYV\" data-brz-custom-id=\"cGHVOVRLib6x\">\n<div data-brz-translate-text=\"1\">\n<p class=\"brz-text-lg-center brz-tp-lg-paragraph brz-css-e762V\" data-generated-css=\"brz-css-fmmee\" data-uniq-id=\"pr5w2\"><strong style=\"opacity: 1\" class=\"brz-cp-color4\">Nicolaes Pieterszoon Berchem, <\/strong><strong style=\"opacity: 1\" class=\"brz-cp-color4\"><em>Mountain Landscape with Cattle Herders<\/em><\/strong><\/p>\n<\/div>\n<\/div>\n<\/div>\n<\/div>\n<\/div>\n<\/div>\n<\/div>\n<\/div>\n<\/div>\n<\/section>\n<section id=\"_lR1NBQlwoyH8\" class=\"brz-section brz-css-wtUHt\">\n<div class=\"brz-section__content brz-section--boxed brz-css-cyrsl brz-css-ygB9V\" data-brz-custom-id=\"b19JegVjHGkk\">\n<div class=\"brz-bg\">\n<div class=\"brz-bg-color\"><\/div>\n<\/div>\n<div class=\"brz-container brz-css-h8gRB\">\n<div class=\"brz-row__container brz-css-fr6qn\" data-brz-custom-id=\"rZphhedkn5mI\">\n<div class=\"brz-bg\"><\/div>\n<div class=\"brz-row brz-css-oUBvw brz-css-r7L8B\">\n<div class=\"brz-columns brz-css-w_Fdj brz-css-fbldJ\" data-brz-custom-id=\"sDeFV7CzzXeW\">\n<div class=\"brz-bg\"><\/div>\n<div class=\"brz-column__items brz-css-aXVa3 brz-css-oke5n\">\n<div id=\"\" class=\"brz-css-fwjNr brz-css-xVKEF brz-wrapper\">\n<div class=\"brz-rich-text brz-rich-text__custom brz-css-wHVYV\" data-brz-custom-id=\"nzyrwnI2m5Jv\">\n<div data-brz-translate-text=\"1\">\n<h4 class=\"brz-tp-lg-heading4 brz-css-p7fGC\" data-uniq-id=\"ocmFy\" data-generated-css=\"brz-css-avPne\"><strong style=\"opacity: 1\" class=\"brz-cp-color4\">Blue pigmented mountain landscape<\/strong><\/h4>\n<p class=\"brz-tp-lg-paragraph brz-css-tw7YD\" data-uniq-id=\"h5Mlu\" data-generated-css=\"brz-css-rZDCK\"><span style=\"opacity: 1\" class=\"brz-cp-color4\">I unders\u00f8gelsen af det store italienske landskab af Nicholas Berchem (1622\/1623 \u2013 1683) observerede Camilla, at det infrar\u00f8de billede udviser et st\u00e6rkt reflekterende signal for det bl\u00e5 pigment p\u00e5 himlen, som udm\u00f8nter sig i en lys rosa i det falsk-farve kompositte billede.* Der er flere kandidater, der reagerer p\u00e5 denne spektrale adf\u00e6rd, nemlig cerulean bl\u00e5 (efter 1790), cobalt bl\u00e5 (efter 1807), indigo (fra 4000 f.Kr.), Lapis Lazuli (efter 1300) og smalte (efter 1500).<\/span><\/p>\n<p class=\"brz-tp-lg-paragraph brz-css-eezSH\" data-uniq-id=\"vg6mG\" data-generated-css=\"brz-css-v1v2T\"><span style=\"opacity: 1\" class=\"brz-cp-color4\"> <\/span><\/p>\n<p class=\"brz-tp-lg-paragraph brz-css-sRVVE\" data-uniq-id=\"lzknV\" data-generated-css=\"brz-css-cgnPr\"><span style=\"opacity: 1\" class=\"brz-cp-color4\">Preussisk bl\u00e5 er derimod kendt for at reagere p\u00e5 infrar\u00f8d str\u00e5ling med lav reflektion (~ 10%), hvilket resulterer i et m\u00f8rkt signal i det infrar\u00f8de billede og en m\u00f8rk lilla, n\u00e6sten sort, respons p\u00e5 de infrar\u00f8de falsk-farvekompositter. Tilstedev\u00e6relsen af preussisk bl\u00e5 er derfor udelukket som det pigment, der blev brugt til at male himlen.<\/span><\/p>\n<\/div>\n<\/div>\n<\/div>\n<\/div>\n<\/div>\n<div class=\"brz-columns brz-css-w_Fdj brz-css-kqG1t\" data-brz-custom-id=\"oRMWDSxKiek4\">\n<div class=\"brz-bg\"><\/div>\n<div class=\"brz-column__items brz-css-aXVa3 brz-css-fIlCC\">\n<div id=\"\" class=\"brz-css-fwjNr brz-css-lOOFp brz-wrapper\">\n<div class=\"brz-spacer brz-css-dcSDR\"><\/div>\n<\/div>\n<\/div>\n<\/div>\n<\/div>\n<\/div>\n<\/div>\n<\/div>\n<\/section>\n<section id=\"_aAklGgVehTL6\" class=\"brz-section brz-css-wtUHt\">\n<div class=\"brz-section__content brz-section--boxed brz-css-cyrsl brz-css-wvRKQ\" data-brz-custom-id=\"bCEl_A_daWUN\">\n<div class=\"brz-bg\">\n<div class=\"brz-bg-color\"><\/div>\n<\/div>\n<div class=\"brz-container brz-css-h8gRB\">\n<div class=\"brz-row__container brz-css-fr6qn\" data-brz-custom-id=\"nWbfoMttm5xs\">\n<div class=\"brz-bg\"><\/div>\n<div class=\"brz-row brz-css-oUBvw brz-css-r7L8B\">\n<div class=\"brz-columns brz-css-w_Fdj brz-css-eywEi\" data-brz-custom-id=\"abJfXb_Id5Nt\">\n<div class=\"brz-bg\">\n<div class=\"brz-bg-color\"><\/div>\n<\/div>\n<div class=\"brz-column__items brz-css-aXVa3 brz-css-yhqlE\">\n<div id=\"\" class=\"brz-css-fwjNr brz-wrapper\">\n<div class=\"brz-image brz-css-ooi1f\" data-brz-custom-id=\"wyf1vCGvpGOl\"><img decoding=\"async\" class=\"brz-img lazyload\" data-src=\"https:\/\/nivaagaard.dk\/en?brizy_media=wp-dfb2883d19c0b63a584d5e91a647a5ea.png&amp;brizy_crop=iW%3D505%26iH%3D593%26oX%3D20%26oY%3D0%26cW%3D465%26cH%3D593\" alt=\"\" src=\"data:image\/svg+xml;base64,PHN2ZyB3aWR0aD0iMSIgaGVpZ2h0PSIxIiB4bWxucz0iaHR0cDovL3d3dy53My5vcmcvMjAwMC9zdmciPjwvc3ZnPg==\"><\/div>\n<\/div>\n<\/div>\n<\/div>\n<div class=\"brz-columns brz-css-w_Fdj brz-css-kMVXL\" data-brz-custom-id=\"s0sJ7OWld8cg\">\n<div class=\"brz-bg\"><\/div>\n<div class=\"brz-column__items brz-css-aXVa3\">\n<div id=\"\" class=\"brz-css-fwjNr brz-css-lOOFp brz-wrapper\">\n<div class=\"brz-spacer brz-css-dcSDR\"><\/div>\n<\/div>\n<\/div>\n<\/div>\n<\/div>\n<\/div>\n<\/div>\n<\/div>\n<\/section>\n<section id=\"_agUTF1k9Ntrt\" class=\"brz-section brz-css-wtUHt\">\n<div class=\"brz-section__content brz-section--boxed brz-css-cyrsl brz-css-nJaBS\" data-brz-custom-id=\"rbJkeUQIxgTA\">\n<div class=\"brz-bg\">\n<div class=\"brz-bg-color\"><\/div>\n<\/div>\n<div class=\"brz-container brz-css-h8gRB\">\n<div class=\"brz-row__container brz-css-fr6qn\" data-brz-custom-id=\"gprxV69lCHif\">\n<div class=\"brz-bg\"><\/div>\n<div class=\"brz-row brz-css-oUBvw brz-css-r7L8B\">\n<div class=\"brz-columns brz-css-w_Fdj brz-css-wMhnn\" data-brz-custom-id=\"n2Frp7KF0PQE\">\n<div class=\"brz-bg\"><\/div>\n<div class=\"brz-column__items brz-css-aXVa3 brz-css-rEQcZ\">\n<div id=\"\" class=\"brz-css-fwjNr brz-css-mHH9Z brz-wrapper\">\n<div class=\"brz-rich-text brz-rich-text__custom brz-css-wHVYV\" data-brz-custom-id=\"v5MBupjpwyV3\">\n<div data-brz-translate-text=\"1\">\n<h4 class=\"brz-tp-lg-heading4 brz-css-aDdTz\" data-generated-css=\"brz-css-vHmdn\" data-uniq-id=\"ltQhX\"><strong style=\"opacity: 1\" class=\"brz-cp-color4\">What\u2019s in a blue coat?<\/strong><\/h4>\n<p class=\"brz-tp-lg-paragraph brz-css-zz8ts\" data-generated-css=\"brz-css-tHhX9\" data-uniq-id=\"zKUrw\"><span style=\"opacity: 1\" class=\"brz-cp-color4\">The scientists were also interested in investigating specifically the blue coat lying on the back of the white horse in the right foreground. Visually the colour appears as an intense dark blue. However, in the infrared and UV reflected images, the pigment acquires a dark tone. Such a response is encountered with the pigments Azurite (after 1100) and its synthetic version Blue Verditer (after 1500), Vivianite (after 1500) and for Prussian Blue. <\/span><\/p>\n<p class=\"brz-tp-lg-paragraph brz-css-oXYml\" data-generated-css=\"brz-css-tHhX9\" data-uniq-id=\"zKUrw\"><span style=\"opacity: 1\" class=\"brz-cp-color4\"> <\/span><\/p>\n<p class=\"brz-tp-lg-paragraph brz-css-gcNT3\" data-generated-css=\"brz-css-lA5or\" data-uniq-id=\"jPmdQ\"><span style=\"opacity: 1\" class=\"brz-cp-color4\">The retention of the blue hue in the infrared false colour composite strongly indicates the use of Prussian Blue for this detail. This information, coupled with art historical evidence (more about this at a later stage) points to a necessary reassessment of the painting. We now believe that it is an 18th century copy painted at least quarter of a century after Nicholas Berchem\u2019s death.<\/span><\/p>\n<\/div>\n<\/div>\n<\/div>\n<\/div>\n<\/div>\n<div class=\"brz-columns brz-css-w_Fdj brz-css-epXsa\" data-brz-custom-id=\"j1YZUPhkLeyY\">\n<div class=\"brz-bg\"><\/div>\n<div class=\"brz-column__items brz-css-aXVa3 brz-css-rE2B2\">\n<div id=\"\" class=\"brz-css-fwjNr brz-css-lOOFp brz-wrapper\">\n<div class=\"brz-spacer brz-css-dcSDR\"><\/div>\n<\/div>\n<\/div>\n<\/div>\n<\/div>\n<\/div>\n<\/div>\n<\/div>\n<\/section>\n<section id=\"_pxkB0NCtg8XH\" class=\"brz-section brz-css-wtUHt\">\n<div class=\"brz-section__content brz-section--boxed brz-css-cyrsl brz-css-aWRSE\" data-brz-custom-id=\"vGdJJDVvtDbf\">\n<div class=\"brz-bg\">\n<div class=\"brz-bg-color\"><\/div>\n<\/div>\n<div class=\"brz-container brz-css-h8gRB\">\n<div class=\"brz-row__container brz-css-fr6qn\" data-brz-custom-id=\"eFn5QN9tqv6C\">\n<div class=\"brz-bg\"><\/div>\n<div class=\"brz-row brz-css-oUBvw brz-css-r7L8B\">\n<div class=\"brz-columns brz-css-w_Fdj brz-css-rI6sm\" data-brz-custom-id=\"fgVdVag0sPC1\">\n<div class=\"brz-bg\">\n<div class=\"brz-bg-color\"><\/div>\n<\/div>\n<div class=\"brz-column__items brz-css-aXVa3 brz-css-vOaaO\">\n<div id=\"\" class=\"brz-css-fwjNr brz-wrapper\">\n<div class=\"brz-image brz-css-lb4tf\" data-brz-custom-id=\"dibOAGTBrQjn\"><img decoding=\"async\" class=\"brz-img lazyload\" data-src=\"https:\/\/nivaagaard.dk\/en?brizy_media=wp-78a56351cf0f1a884fed895495f5ec1d.png&amp;brizy_crop=iW%3D453%26iH%3D475%26oX%3D2%26oY%3D0%26cW%3D449%26cH%3D475\" alt=\"\" src=\"data:image\/svg+xml;base64,PHN2ZyB3aWR0aD0iMSIgaGVpZ2h0PSIxIiB4bWxucz0iaHR0cDovL3d3dy53My5vcmcvMjAwMC9zdmciPjwvc3ZnPg==\"><\/div>\n<\/div>\n<\/div>\n<\/div>\n<div class=\"brz-columns brz-css-w_Fdj brz-css-a9JJb\" data-brz-custom-id=\"bUCsaU9BZCe_\">\n<div class=\"brz-bg\"><\/div>\n<div class=\"brz-column__items brz-css-aXVa3\">\n<div id=\"\" class=\"brz-css-fwjNr brz-wrapper\">\n<div class=\"brz-image brz-css-rMoWA brz-css-wAHw9\" data-brz-custom-id=\"oP9onwYWw6JF\">\n<div class=\"brz-picture brz-d-block brz-p-relative brz-css-whCOC\">\n<div class=\"brz-shortcode__placeholder\"><\/div>\n<\/div>\n<\/div>\n<\/div>\n<\/div>\n<\/div>\n<\/div>\n<\/div>\n<\/div>\n<\/div>\n<\/section>\n<section id=\"_kPlmw8pzHwUK\" class=\"brz-section brz-css-wtUHt\">\n<div class=\"brz-section__content brz-section--boxed brz-css-cyrsl brz-css-rxVGz\" data-brz-custom-id=\"n6sMxV_B6b1N\">\n<div class=\"brz-bg\">\n<div class=\"brz-bg-color\"><\/div>\n<\/div>\n<div class=\"brz-container brz-css-h8gRB\">\n<div class=\"brz-row__container brz-css-fr6qn\" data-brz-custom-id=\"kM0qAYaLP1q8\">\n<div class=\"brz-bg\"><\/div>\n<div class=\"brz-row brz-css-oUBvw brz-css-r7L8B\">\n<div class=\"brz-columns brz-css-w_Fdj brz-css-uK6Nd\" data-brz-custom-id=\"xI3gRa3QPyGI\">\n<div class=\"brz-bg\"><\/div>\n<div class=\"brz-column__items brz-css-aXVa3 brz-css-rNKoq\">\n<div id=\"\" class=\"brz-css-fwjNr brz-css-vMJBB brz-wrapper\">\n<div class=\"brz-rich-text brz-rich-text__custom brz-css-wHVYV\" data-brz-custom-id=\"yjDS8DxQcYef\">\n<div data-brz-translate-text=\"1\">\n<h4 class=\"brz-ff-zrspyosessrzchpugpaouaphyhhgwgpizzpx brz-ft-upload brz-fs-lg-16 brz-fss-lg-px brz-fw-lg-400 brz-ls-lg-0 brz-lh-lg-1_8 brz-vfw-lg-400 brz-fwdth-lg-100 brz-fsft-lg-0 brz-tp-lg-heading4 brz-css-vGZIh\" data-generated-css=\"brz-css-pxlYW\" data-uniq-id=\"yn3OF\"><span style=\"opacity: 1\" class=\"brz-cp-color4\">Equipment <\/span><\/h4>\n<p class=\"brz-tp-lg-paragraph brz-css-n93XH\" data-generated-css=\"brz-css-pFJsj\" data-uniq-id=\"khnIG\"><span style=\"opacity: 1\" class=\"brz-cp-color4\">Nikon D800 and Nikon D800 full spectrum coupled with Nikon Nikkor 135mm f\/3.5 AI; VIS: MidOpt BP550; IR 850: MidOpt BP850; UVR: MidOpt BP365 + MidOpt BP485; 2x Elinchrom ELC500 + Softbox 55&#215;75 cm; 2x Madatec UV LED 365nm; Tonal correction with an array of Zenith Polymer\u00ae Diffuse Reflectance Standards (99%, 60%, 25% and 2.5%).<\/span><a class=\"link--external brz-cp-color4\" style=\"opacity: 1\" href=\"https:\/\/www.artplusimg.com\/\" data-brz-link-type=\"external\" target=\"_blank\" rel=\"noopener\"><strong> Art + Image<\/strong><\/a><span class=\"brz-cp-color4 brz-span\" style=\"opacity: 1\"> <\/span><\/p>\n<p class=\"brz-tp-lg-paragraph brz-css-oH2yY\" data-generated-css=\"brz-css-wuUmg\" data-uniq-id=\"oyP1t\"><span style=\"opacity: 1\" class=\"brz-cp-color4\"> <\/span><\/p>\n<p class=\"brz-tp-lg-paragraph brz-css-x3vXp\" data-generated-css=\"brz-css-xl4sT\" data-uniq-id=\"qyUFz\"><span style=\"opacity: 1\" class=\"brz-cp-color4\">*<\/span><a class=\"brz-cp-color4 link--external\" style=\"opacity: 1\" href=\"https:\/\/www.conservation-wiki.com\/wiki\/False-color_image_processing\" data-brz-link-type=\"external\" target=\"_blank\" rel=\"noopener\"><strong>False color image processing<\/strong><\/a><em style=\"opacity: 1\" class=\"brz-cp-color4\"> is a non-invasive technique that combines and rearranges the color channels from one or multiple source images that results in a final composite image. The colors rendered in this resulting image do not match those that would be observed naturally by the human eye. These methods help visualize information not otherwise discernable which can aid in interpretation of media and materials present and inform further scientific analysis, conservation examination, and scholarly research.<\/em><\/p>\n<\/div>\n<\/div>\n<\/div>\n<\/div>\n<\/div>\n<div class=\"brz-columns brz-css-w_Fdj brz-css-sGDrt\" data-brz-custom-id=\"yB9iOTXYEoHF\">\n<div class=\"brz-bg\"><\/div>\n<div class=\"brz-column__items brz-css-aXVa3 brz-css-qpHNq\">\n<div id=\"\" class=\"brz-css-fwjNr brz-css-lOOFp brz-wrapper\">\n<div class=\"brz-spacer brz-css-dcSDR\"><\/div>\n<\/div>\n<\/div>\n<\/div>\n<\/div>\n<\/div>\n<\/div>\n<\/div>\n<\/section>\n<section id=\"_lSbYzW3Bmj1A\" class=\"brz-section brz-css-wtUHt\">\n<div class=\"brz-section__content brz-section--boxed brz-css-cyrsl brz-css-etbCG\" data-brz-custom-id=\"ja5KG4P7Xz_V\">\n<div class=\"brz-bg\">\n<div class=\"brz-bg-color\"><\/div>\n<\/div>\n<div class=\"brz-container brz-css-h8gRB\">\n<div class=\"brz-row__container brz-css-fr6qn\" data-brz-custom-id=\"wMlT03VhShor\">\n<div class=\"brz-bg\"><\/div>\n<div class=\"brz-row brz-css-oUBvw brz-css-r7L8B\">\n<div class=\"brz-columns brz-css-w_Fdj brz-css-r4KqM\" data-brz-custom-id=\"sfDcWlnvFSDB\">\n<div class=\"brz-bg\">\n<div class=\"brz-bg-color\"><\/div>\n<\/div>\n<div class=\"brz-column__items brz-css-aXVa3 brz-css-c8qXJ\">\n<div id=\"\" class=\"brz-css-fwjNr brz-css-ued45 brz-wrapper\">\n<div class=\"brz-rich-text brz-rich-text__custom brz-css-wHVYV\" data-brz-custom-id=\"tGaxkN4u9rYt\">\n<div data-brz-translate-text=\"1\">\n<h4 class=\"brz-text-lg-left brz-tp-lg-heading4 brz-css-nI_Mv\" data-uniq-id=\"pmKal\" data-generated-css=\"brz-css-lRSTW\"><span style=\"opacity: 1\" class=\"brz-cp-color4\">BY ANGELA JAGER AND J\u00d8RGEN WADUM, WITH A CONTRIBUTION BY CAMILLA PERONDI, 8 FEBUARY 2024<\/span><\/h4>\n<p class=\"brz-text-lg-left brz-tp-lg-paragraph brz-css-kAbaa\" data-uniq-id=\"fJhfX\" data-generated-css=\"brz-css-qC0CE\"><em style=\"opacity: 1\" class=\"brz-cp-color4\">The text is an expression of the discoveries made at the time of publication. <\/em><\/p>\n<p class=\"brz-text-lg-left brz-tp-lg-paragraph brz-css-ty_UY\" data-uniq-id=\"fJhfX\" data-generated-css=\"brz-css-qC0CE\"><em style=\"opacity: 1\" class=\"brz-cp-color4\">We reserve the right to make changes as new information from the still ongoing research project may occur.<\/em><\/p>\n<\/div>\n<\/div>\n<\/div>\n<\/div>\n<\/div>\n<\/div>\n<\/div>\n<\/div>\n<\/div>\n<\/section>\n<\/div>\n<p>    <!-- version:1731684165 --><\/p>\n","protected":false},"excerpt":{"rendered":"<p>News #6&nbsp; Becoming Blue When Angela J\u00f8rgen Wadum study the many Dutch and Flemish paintings collected by Johannes Hage or later added to The Nivaagaard Collection, they scan the paintings [&hellip;]<\/p>\n","protected":false},"author":3,"featured_media":0,"parent":0,"menu_order":0,"comment_status":"closed","ping_status":"closed","template":"brizy-blank-template.php","meta":{"_acf_changed":false,"footnotes":""},"class_list":["post-94514","page","type-page","status-publish","hentry"],"blocksy_meta":[],"acf":[],"brizy_media":[{"id":93877,"url":"https:\/\/nivaagaard.dk\/wp-content\/uploads\/2024\/02\/Nicolaes-Pieterszoon-Berchem_Bjerglandskab-med-kvaeghyrder_ca-1650-scaled.jpg","name":"Nicolaes-Pieterszoon-Berchem_Bjerglandskab-med-kvaeghyrder_ca-1650.jpg","meta":{"brizy_attachment_uid":"wp-23d9979fe10ee09e94b78c647e021166.jpg","brizy_post_uid":["be7867d528b7ed9568890d30cf4b1234","d23514b209f465c08a65c8449c6474b0","bf5aa131a2a0ba51305c75e153baa3e4"]}},{"id":93966,"url":"https:\/\/nivaagaard.dk\/wp-content\/uploads\/2024\/02\/Blaat-lys.png","name":"Blaat-lys.png","meta":{"brizy_attachment_uid":"wp-19d5535f6354dd60b1a30e3bda5f6f33.png","brizy_post_uid":["be7867d528b7ed9568890d30cf4b1234","d23514b209f465c08a65c8449c6474b0"]}},{"id":93967,"url":"https:\/\/nivaagaard.dk\/wp-content\/uploads\/2024\/02\/Blaat-lys.png","name":"Blaat-lys.png","meta":{"brizy_attachment_uid":"wp-dfb2883d19c0b63a584d5e91a647a5ea.png","brizy_post_uid":["d23514b209f465c08a65c8449c6474b0","bf5aa131a2a0ba51305c75e153baa3e4"]}},{"id":93968,"url":"https:\/\/nivaagaard.dk\/wp-content\/uploads\/2024\/02\/Forskningsnyhed-6_blaat-lys.png","name":"Forskningsnyhed-6_blaat-lys.png","meta":{"brizy_attachment_uid":"wp-5f0b462b272c7d4a4df75d020a591f57.png","brizy_post_uid":["be7867d528b7ed9568890d30cf4b1234","d23514b209f465c08a65c8449c6474b0"]}},{"id":94274,"url":"https:\/\/nivaagaard.dk\/wp-content\/uploads\/2024\/02\/Blaa-hest.png","name":"Blaa-hest.png","meta":{"brizy_attachment_uid":"wp-28e44686c12d7f62e8fdba14c4f4d41c.png","brizy_post_uid":["d23514b209f465c08a65c8449c6474b0"]}},{"id":94577,"url":"https:\/\/nivaagaard.dk\/wp-content\/uploads\/2024\/02\/Blue-horse.png","name":"Blue-horse.png","meta":{"brizy_attachment_uid":"wp-78a56351cf0f1a884fed895495f5ec1d.png","brizy_post_uid":["d23514b209f465c08a65c8449c6474b0","bf5aa131a2a0ba51305c75e153baa3e4"]}}],"_links":{"self":[{"href":"https:\/\/nivaagaard.dk\/en\/wp-json\/wp\/v2\/pages\/94514","targetHints":{"allow":["GET"]}}],"collection":[{"href":"https:\/\/nivaagaard.dk\/en\/wp-json\/wp\/v2\/pages"}],"about":[{"href":"https:\/\/nivaagaard.dk\/en\/wp-json\/wp\/v2\/types\/page"}],"author":[{"embeddable":true,"href":"https:\/\/nivaagaard.dk\/en\/wp-json\/wp\/v2\/users\/3"}],"replies":[{"embeddable":true,"href":"https:\/\/nivaagaard.dk\/en\/wp-json\/wp\/v2\/comments?post=94514"}],"version-history":[{"count":0,"href":"https:\/\/nivaagaard.dk\/en\/wp-json\/wp\/v2\/pages\/94514\/revisions"}],"wp:attachment":[{"href":"https:\/\/nivaagaard.dk\/en\/wp-json\/wp\/v2\/media?parent=94514"}],"curies":[{"name":"wp","href":"https:\/\/api.w.org\/{rel}","templated":true}]}}