{"id":96676,"date":"2024-02-20T08:14:00","date_gmt":"2024-02-20T07:14:00","guid":{"rendered":"https:\/\/nivaagaard.dk\/?page_id=96676"},"modified":"2026-04-14T16:31:43","modified_gmt":"2026-04-14T14:31:43","slug":"100-aaret-for-johannes-hages-doed-og-fonden-den-hageske-stiftelse","status":"publish","type":"page","link":"https:\/\/nivaagaard.dk\/en\/100-aaret-for-johannes-hages-doed-og-fonden-den-hageske-stiftelse\/","title":{"rendered":"100-\u00e5ret for Johannes Hages d\u00f8d og fonden den hageske stiftelse"},"content":{"rendered":"<div class=\"brz-root__container brz-reset-all brz\">\n<section id=\"_bcruxxvmvpkpiihcrrcvxqupzbwuzanvlelu\" class=\"brz-section brz-css-ntqwj brz-css-v7FQl\">\n<div class=\"brz-section__content brz-section--boxed brz-css-dZXXo brz-css-gsJOH\" data-brz-custom-id=\"adslaqnnmxijsdjeqeekvyiepdepjkmyyjix\">\n<div class=\"brz-bg\">\n<div class=\"brz-bg-image\"><\/div>\n<div class=\"brz-bg-color\"><\/div>\n<\/div>\n<div class=\"brz-container brz-css-z_S7t\">\n<div id=\"\" class=\"brz-css-fDyIl brz-css-hohwD brz-wrapper\">\n<div class=\"brz-rich-text brz-rich-text__custom brz-css-kC426\" data-brz-custom-id=\"faguinzfriuplejcoupbeahyemnvkfhafohf\">\n<div data-brz-translate-text=\"1\">\n<h1 class=\"brz-tp-lg-mllouqxbljjoolnbrmvdewujpikjmewomokk brz-text-xs-center brz-css-a8iI2\" data-uniq-id=\"smfvh\" data-generated-css=\"brz-css-lskbd\"><span class=\"brz-cp-color8\" style=\"opacity: 1\">100-\u00e5ret for Johannes Hages <\/span><\/h1>\n<h1 class=\"brz-tp-lg-mllouqxbljjoolnbrmvdewujpikjmewomokk brz-text-xs-center brz-css-eE9QH\" data-uniq-id=\"smfvh\" data-generated-css=\"brz-css-lskbd\"><span class=\"brz-cp-color8\" style=\"opacity: 1\">d\u00f8d og fonden den hageske stiftelse<\/span><\/h1>\n<\/div>\n<\/div>\n<\/div>\n<\/div>\n<\/div>\n<\/section>\n<section id=\"_hwxcgokfenbgbzjvcveqxtbwslsxllmhknhp\" class=\"brz-section brz-css-ntqwj\">\n<div class=\"brz-section__content brz-section--boxed brz-css-dZXXo brz-css-tvkWu\" data-brz-custom-id=\"yfbnqggrgvamnraycqtxxyknqeajrxkudmwf\">\n<div class=\"brz-bg\">\n<div class=\"brz-bg-color\"><\/div>\n<div class=\"brz-bg-shape brz-bg-shape__bottom\"><\/div>\n<\/div>\n<div class=\"brz-container brz-css-z_S7t\">\n<div class=\"brz-row__container brz-css-dw6Ef\" data-brz-custom-id=\"wvomhdkuttkdzfgzpvsmlhtbyupiwojkpkkk\">\n<div class=\"brz-bg\"><\/div>\n<div class=\"brz-row brz-css-uvyWM brz-css-ugMW4\">\n<div class=\"brz-columns brz-css-r0qlo brz-css-bBAxq\" data-brz-custom-id=\"pdpxzlsnnmbwrkcxqrmoxiyyadvptwpduvbc\">\n<div class=\"brz-bg\">\n<div class=\"brz-bg-color\"><\/div>\n<\/div>\n<div class=\"brz-column__items brz-css-tLmmc brz-css-iYZ7u\">\n<div class=\"brz-row__container brz-css-dw6Ef\" data-brz-custom-id=\"ntqglifnhvqavhvfmckdqcvuvzbvetoytkqs\">\n<div class=\"brz-bg\"><\/div>\n<div class=\"brz-row brz-row--inner brz-css-uvyWM\">\n<div class=\"brz-columns brz-css-r0qlo brz-css-xuzXp\" data-brz-custom-id=\"jpkklebhpvsrilkszeuzpnnohhpttwdgvuio\">\n<div class=\"brz-bg\"><\/div>\n<div class=\"brz-column__items brz-css-tLmmc brz-css-aIC6c\">\n<div id=\"\" class=\"brz-css-fDyIl brz-css-eY5rG brz-wrapper\">\n<div class=\"brz-image brz-css-blRu1 brz-css-vwt89\" data-brz-custom-id=\"fpnlalrowlxlwvbcvfpjjqdagnslwjpbynvf\"><img decoding=\"async\" class=\"brz-img lazyload\" data-src=\"https:\/\/nivaagaard.dk\/en?brizy_media=wp-cff0c19fb5e2493c69e62e1f54af5835.jpg&amp;brizy_crop=iW%3D438%26iH%3D551%26oX%3D0%26oY%3D0%26cW%3D438%26cH%3D474\" alt=\"\" src=\"data:image\/svg+xml;base64,PHN2ZyB3aWR0aD0iMSIgaGVpZ2h0PSIxIiB4bWxucz0iaHR0cDovL3d3dy53My5vcmcvMjAwMC9zdmciPjwvc3ZnPg==\"><\/div>\n<\/div>\n<\/div>\n<\/div>\n<div class=\"brz-columns brz-css-r0qlo brz-css-gfnND\" data-brz-custom-id=\"nivncdqjelklftonwseriioafcsmudylbeyc\">\n<div class=\"brz-bg\"><\/div>\n<div class=\"brz-column__items brz-css-tLmmc brz-css-r93Ba\">\n<div id=\"\" class=\"brz-css-fDyIl brz-css-v5M4E brz-css-eq9ab brz-wrapper\">\n<div class=\"brz-spacer brz-css-ivQDJ\"><\/div>\n<\/div>\n<div id=\"\" class=\"brz-css-fDyIl brz-css-kGMt8 brz-wrapper\">\n<div class=\"brz-rich-text brz-rich-text__custom brz-css-kC426\" data-brz-custom-id=\"ikbqtwyoozpnvbdwgqmuqjgoogaidgrzmqmr\">\n<div data-brz-translate-text=\"1\">\n<p class=\"brz-text-xs-center brz-tp-lg-paragraph brz-css-yDNVO\" data-uniq-id=\"saxdx\" data-generated-css=\"brz-css-aclzu\"><strong class=\"brz-cp-color4\" style=\"opacity: 1\">Johannes Hage, der var grundl\u00e6gger af Nivaagaards Malerisamling, d\u00f8de den 14. januar 1923.<\/strong><\/p>\n<p class=\"brz-text-xs-center brz-tp-lg-paragraph brz-css-yAoua\" data-uniq-id=\"ugkhm\" data-generated-css=\"brz-css-bsixt\"><strong class=\"brz-cp-color4\" style=\"opacity: 1\">I anledning af 100-\u00e5ret for hans d\u00f8d var der i januar kransel\u00e6ggelse ved hans gravsted p\u00e5 Niv\u00e5 Kirkegaard, og museet vier i hele 2023 en udstillingssal til Johannes Hage og afholder en r\u00e6kke s\u00e6rarrangementer, der samtidig fejrer 100-\u00e5ret for Fonden Den Hageske Stiftelse.<\/strong><\/p>\n<p class=\"brz-text-xs-center brz-tp-lg-paragraph brz-css-wG118\" data-uniq-id=\"izpkn\" data-generated-css=\"brz-css-chfbo\"><span class=\"brz-cp-color4\" style=\"opacity: 1\"> <\/span><\/p>\n<p class=\"brz-text-xs-center brz-tp-lg-paragraph brz-css-fhcDb\" data-uniq-id=\"qkjmr\" data-generated-css=\"brz-css-klmuu\"><span class=\"brz-cp-color4\" style=\"opacity: 1\">Se billeder fra kransel\u00e6ggelsen l\u00f8rdag 14. januar 2023 og l\u00e6s talen ved Erik Bjerager, bestyrelsesformand for Fonden Den Hageske Stiftelse&nbsp;<\/span><a class=\"brz-cp-color4 link--external\" style=\"opacity: 1\" href=\"\/kranselaeggelse-og-tale-ved-100-aarsdagen-for-johannes-hages-doed\/\" data-brz-link-type=\"external\"><strong>her<\/strong><\/a><\/p>\n<\/div>\n<\/div>\n<\/div>\n<\/div>\n<\/div>\n<\/div>\n<\/div>\n<\/div>\n<\/div>\n<\/div>\n<\/div>\n<\/div>\n<\/div>\n<\/section>\n<section id=\"_zajzwathaylvydhigltiasbumpsmmfojvryw\" class=\"brz-section brz-css-ntqwj\">\n<div class=\"brz-section__content brz-section--boxed brz-css-dZXXo brz-css-xVFGG\" data-brz-custom-id=\"pefybesmpdfzhgcehewreulvmalnwqnjvdnu\">\n<div class=\"brz-bg\">\n<div class=\"brz-bg-color\"><\/div>\n<\/div>\n<div class=\"brz-container brz-css-z_S7t\">\n<div class=\"brz-row__container brz-css-dw6Ef brz-css-kd7rS\" data-brz-custom-id=\"vxhmkbngxqfdlacofjocmvvgrzzcuwgcwiyr\">\n<div class=\"brz-bg\"><\/div>\n<div class=\"brz-row brz-css-uvyWM brz-css-ugMW4\">\n<div class=\"brz-columns brz-css-r0qlo brz-css-e0yl8\" data-brz-custom-id=\"seofqdvwjfnmyqsmqrlzuoqzckoocedffazh\">\n<div class=\"brz-bg\"><\/div>\n<div class=\"brz-column__items brz-css-tLmmc brz-css-bxmug\">\n<div id=\"\" class=\"brz-css-fDyIl brz-css-vG5Hm brz-wrapper\">\n<div class=\"brz-rich-text brz-rich-text__custom brz-css-kC426\" data-brz-custom-id=\"cfsxolimneggizkgitancqmlwjbxjiegydkv\">\n<div data-brz-translate-text=\"1\">\n<h3 class=\"brz-tp-lg-heading3 brz-tp-xs-heading2 brz-css-o7NuZ\" data-uniq-id=\"qnloe\" data-generated-css=\"brz-css-ewqwo\"><span style=\"opacity: 1\" class=\"brz-cp-color4\">ARRANGEMENTER, BOGUDGIVELSE OG UDSTILLING<\/span><\/h3>\n<\/div>\n<\/div>\n<\/div>\n<div id=\"\" class=\"brz-css-fDyIl brz-css-xR6R8 brz-wrapper\">\n<div class=\"brz-rich-text brz-rich-text__custom brz-css-kC426\" data-brz-custom-id=\"hcbuuuqpirdwzudqvrxliecmtbthxyaptdhv\">\n<div data-brz-translate-text=\"1\">\n<p class=\"brz-tp-lg-paragraph brz-css-y57_j\" data-generated-css=\"brz-css-aqpdm\" data-uniq-id=\"hoaud\"><span class=\"brz-cp-color4\" style=\"opacity: 1\">P\u00e5 Nivaagaards Malerisamling vil bes\u00f8gende i hele 2023 kunne fordybe sig i historien omkring Johannes Hage i en af udstillingssalene. Derudover vil der l\u00f8bende v\u00e6re arrangementer, der formidler stifterens historiske gerninger, heriblandt et foredrag ved formand for Nivaagaard Teglv\u00e6rks Ringovn, J\u00f8rgen Berthelsen.<\/span><\/p>\n<p class=\"brz-tp-lg-paragraph brz-css-ft12a\" data-generated-css=\"brz-css-txfpx\" data-uniq-id=\"gsrqw\"><span class=\"brz-cp-color4\" style=\"opacity: 1\"> <\/span><\/p>\n<p class=\"brz-tp-lg-paragraph brz-css-nQ4fw\" data-generated-css=\"brz-css-rjzsw\" data-uniq-id=\"ipsir\"><span class=\"brz-cp-color4\" style=\"opacity: 1\">I anledning af 100-\u00e5ret for Johannes Hages d\u00f8d og etableringen af Den Hageske Stiftelse blev der i august udgivet en bog om Johannes Hage af journalist og forfatter Heidi Laura, der ogs\u00e5 vil bes\u00f8ge museet til en samtale om udgivelsen med museets direkt\u00f8r Andrea Rygg Karberg. I efter\u00e5ret vil der blandt andet v\u00e6re foredrag om psykiatriens historie. <\/span><a class=\"brz-cp-color4 link--external\" style=\"opacity: 1\" href=\"https:\/\/shop.nivaagaard.dk\/butik\/udstillingskataloger-boeger--8\/den-stille-filantrop-johannes-hage-og-hans-tid--600638\" data-brz-link-type=\"external\" target=\"_blank\"><strong>Bogen kan k\u00f8bes her.<\/strong><\/a><\/p>\n<p class=\"brz-tp-lg-paragraph brz-css-suT8v\" data-generated-css=\"brz-css-oczma\" data-uniq-id=\"bjfhz\"><span class=\"brz-cp-color4\" style=\"opacity: 1\"> <\/span><\/p>\n<p class=\"brz-tp-lg-paragraph brz-css-jkbIK\" data-generated-css=\"brz-css-ivrfi\" data-uniq-id=\"lgkll\"><span class=\"brz-cp-color4\" style=\"opacity: 1\">Arrangementer ifm. 100 \u00e5ret offentligg\u00f8res l\u00f8bende p\u00e5 hjemmesidens&nbsp;<\/span><a class=\"link--external brz-cp-color4\" style=\"opacity: 1\" href=\"\/kalender\/\" data-brz-link-type=\"external\"><strong>kalender.<\/strong><\/a><\/p>\n<\/div>\n<\/div>\n<\/div>\n<\/div>\n<\/div>\n<\/div>\n<\/div>\n<\/div>\n<\/div>\n<\/section>\n<section id=\"_fonchleqliyzyajysntzwflhralycfxdrrop\" class=\"brz-section brz-css-ntqwj\">\n<div class=\"brz-section__content brz-section--boxed brz-css-dZXXo brz-css-qHMrG\" data-brz-custom-id=\"ijdyknizoixrjefogyvsuqrhkcmrlwmsktdy\">\n<div class=\"brz-bg\">\n<div class=\"brz-bg-color\"><\/div>\n<div class=\"brz-bg-shape brz-bg-shape__top\"><\/div>\n<\/div>\n<div class=\"brz-container brz-css-z_S7t\">\n<div class=\"brz-row__container brz-css-dw6Ef brz-css-yh2xx\" data-brz-custom-id=\"yoxnymidapeagzaouwssarnfopqbbfijpdwa\">\n<div class=\"brz-bg\"><\/div>\n<div class=\"brz-row brz-css-uvyWM brz-css-ugMW4\">\n<div class=\"brz-columns brz-css-r0qlo brz-css-vbWri\" data-brz-custom-id=\"pbjpvjxpmnbcursqtnmxnlkefwkvlbviuobn\">\n<div class=\"brz-bg\">\n<div class=\"brz-bg-color\"><\/div>\n<\/div>\n<div class=\"brz-column__items brz-css-tLmmc brz-css-mHBqC\">\n<div id=\"\" class=\"brz-css-fDyIl brz-css-jeAoj brz-wrapper\">\n<div class=\"brz-rich-text brz-rich-text__custom brz-css-kC426\" data-brz-custom-id=\"zdgnpixrqkiidggmmgsiyvosovaumbccixef\">\n<div data-brz-translate-text=\"1\">\n<h3 class=\"brz-tp-lg-heading3 brz-text-sm-left brz-css-qCgxk\" data-uniq-id=\"eqtzn\" data-generated-css=\"brz-css-gjeak\"><span class=\"brz-cp-color2,color4 brz-capitalize-on\" style=\"opacity: 1\">OM JOHANNES HAGE<\/span><\/h3>\n<\/div>\n<\/div>\n<\/div>\n<div id=\"\" class=\"brz-css-fDyIl brz-css-pX6tk brz-wrapper\">\n<div class=\"brz-rich-text brz-rich-text__custom brz-css-kC426\" data-brz-custom-id=\"hwsfxvuvykattrfzluuferxuoeywbfmudttd\">\n<div data-brz-translate-text=\"1\">\n<p class=\"brz-tp-lg-paragraph brz-text-lg-left brz-css-xGUpB\" data-uniq-id=\"sphyp\" data-generated-css=\"brz-css-rcyzj\"><span style=\"opacity: 1\" class=\"brz-cp-color4\">Johannes Hage&nbsp;ejede og drev Nivaagaard gods og teglv\u00e6rk og var desuden en aktiv politiker, kunstsamler og en stor velg\u00f8rer. Han finansierede bygningen af Niv\u00e5 Kirke, byens f\u00f8rste skole og landets m\u00e5ske f\u00f8rste plejehjem, der dengang l\u00f8d navnet Nivaagaards Hospital.<\/span><\/p>\n<p class=\"brz-tp-lg-paragraph brz-text-lg-left brz-css-wlERt\" data-uniq-id=\"sphyp\" data-generated-css=\"brz-css-rcyzj\"><span style=\"opacity: 1\" class=\"brz-cp-color4\"> <\/span><\/p>\n<p class=\"brz-tp-lg-paragraph brz-text-lg-left brz-css-fl4Ro\" data-uniq-id=\"fncac\" data-generated-css=\"brz-css-rdgos\"><span style=\"opacity: 1\" class=\"brz-cp-color4\">Den driftige virksomhed omkring teglv\u00e6rket var sammen med landbruget med til at skabe den velstand, der samtidig satte Johannes Hage i stand til at skabe en fin og international kunstsamling. I 1903 opf\u00f8rte han i Nivaagaards park et lille tempel til kunsten, som han i 1908 gjorde offentlig tilg\u00e6ngeligt med stiftelsen af det museum, der blev til Nivaagaards Malerisamling.<\/span><\/p>\n<p class=\"brz-tp-lg-paragraph brz-text-lg-left brz-css-mF4mg\" data-uniq-id=\"fncac\" data-generated-css=\"brz-css-rdgos\"><span style=\"opacity: 1\" class=\"brz-cp-color4\"> <\/span><\/p>\n<p class=\"brz-tp-lg-paragraph brz-text-lg-left brz-css-wFMgn\" data-uniq-id=\"dvwoy\" data-generated-css=\"brz-css-byyko\"><span style=\"opacity: 1\" class=\"brz-cp-color4\">\u00c5ret f\u00f8r Johannes Hage d\u00f8de, etablerede han Fonden Den Hageske Stiftelse, der har til form\u00e5l at hj\u00e6lpe mennesker med psykiske lidelser. Fonden Den Hageske Stiftelse ejer og driver i dag Nivaagaards bygninger, jorder og skov samt parken ved museet, som mange nyder den offentlige adgang til \u00e5ret rundt. Af overskuddet fra fondens arbejde uddeles der legater til psykisk syge.<\/span><\/p>\n<p class=\"brz-tp-lg-paragraph brz-text-lg-left brz-css-riov3\" data-uniq-id=\"dvwoy\" data-generated-css=\"brz-css-byyko\"><span style=\"opacity: 1\" class=\"brz-cp-color4\"> <\/span><\/p>\n<p class=\"brz-tp-lg-paragraph brz-text-lg-left brz-css-yKM5j\" data-uniq-id=\"ctvjh\" data-generated-css=\"brz-css-ciboy\"><span style=\"opacity: 1\" class=\"brz-cp-color4\">Museets kunstsamling best\u00e5r i dag af 250 v\u00e6rker fordelt over 500 \u00e5rs kunsthistorie med markante kunstv\u00e6rker fra de perioder, som Johannes Hage baserede sin samling p\u00e5: italiensk ren\u00e6ssance, nederlandsk barok og dansk guldalder. S\u00e6rligt v\u00e6rkerne fra ren\u00e6ssancen og barokken g\u00f8r samlingen unik.<\/span><\/p>\n<\/div>\n<\/div>\n<\/div>\n<\/div>\n<\/div>\n<div class=\"brz-columns brz-css-r0qlo brz-css-z6Ve5\" data-brz-custom-id=\"lzdxjkhwpaqwxyjpwdfninldzchjvlyronbu\">\n<div class=\"brz-bg\">\n<div class=\"brz-bg-image\"><\/div>\n<div class=\"brz-bg-color\"><\/div>\n<\/div>\n<div class=\"brz-column__items brz-css-tLmmc brz-css-joR_M\">\n<div id=\"\" class=\"brz-css-fDyIl brz-css-v5M4E brz-wrapper\">\n<div class=\"brz-spacer brz-css-ivQDJ brz-css-ml_pI\"><\/div>\n<\/div>\n<\/div>\n<\/div>\n<\/div>\n<\/div>\n<\/div>\n<\/div>\n<\/section>\n<\/div>\n<p>    <!-- version:1731667573 --><\/p>\n","protected":false},"excerpt":{"rendered":"<p>100-\u00e5ret for Johannes Hages d\u00f8d og fonden den hageske stiftelse Johannes Hage, der var grundl\u00e6gger af Nivaagaards Malerisamling, d\u00f8de den 14. januar 1923. I anledning af 100-\u00e5ret for hans d\u00f8d [&hellip;]<\/p>\n","protected":false},"author":2,"featured_media":0,"parent":0,"menu_order":0,"comment_status":"closed","ping_status":"closed","template":"brizy-blank-template.php","meta":{"_acf_changed":false,"footnotes":""},"class_list":["post-96676","page","type-page","status-publish","hentry"],"blocksy_meta":[],"acf":[],"brizy_media":[],"_links":{"self":[{"href":"https:\/\/nivaagaard.dk\/en\/wp-json\/wp\/v2\/pages\/96676","targetHints":{"allow":["GET"]}}],"collection":[{"href":"https:\/\/nivaagaard.dk\/en\/wp-json\/wp\/v2\/pages"}],"about":[{"href":"https:\/\/nivaagaard.dk\/en\/wp-json\/wp\/v2\/types\/page"}],"author":[{"embeddable":true,"href":"https:\/\/nivaagaard.dk\/en\/wp-json\/wp\/v2\/users\/2"}],"replies":[{"embeddable":true,"href":"https:\/\/nivaagaard.dk\/en\/wp-json\/wp\/v2\/comments?post=96676"}],"version-history":[{"count":0,"href":"https:\/\/nivaagaard.dk\/en\/wp-json\/wp\/v2\/pages\/96676\/revisions"}],"wp:attachment":[{"href":"https:\/\/nivaagaard.dk\/en\/wp-json\/wp\/v2\/media?parent=96676"}],"curies":[{"name":"wp","href":"https:\/\/api.w.org\/{rel}","templated":true}]}}