{"id":37959,"date":"2016-07-27T08:23:44","date_gmt":"2016-07-27T06:23:44","guid":{"rendered":"https:\/\/nivaagaard.dk\/vare\/foss-harald\/"},"modified":"2025-11-25T10:48:05","modified_gmt":"2025-11-25T09:48:05","slug":"foss-harald","status":"publish","type":"product","link":"https:\/\/nivaagaard.dk\/en\/the-collection\/foss-harald\/","title":{"rendered":"Foss Harald"},"content":{"rendered":"<h6><strong>Harald Foss<\/strong><br \/>\n<em>Summer morning<\/em>, 1873<br \/>\nOil on canvas, 39 x 57 cm.<br \/>\nInventory number: 0081NMK<br \/>\nAcquired before 1904. Bestowed to the museum in 1908<\/h6>\n<p>&nbsp;<\/p>\n<p>From his vantage point at Kopparhatten (the highest point in what is now the S\u00f6der\u00e5sen National Park in Sweden), Harald Foss has depicted the unspoilt and breathtaking scenery of the Sk\u00e4ralid rift valley in Sk\u00e5ne, Southern Sweden. The morning fog has evaporated over the Sk\u00e4rdammen lake, and the clear blue sky is reflected in its dead-calm waters. The treeline on the horizon rises in billowing formations. In the Late Romanticist spirit, the artist has used a simple light colour palette and very few horizontal line gradients, which are only sporadically broken by naked trees, to give the composition a grandiose, evocative and idyllic appearance. The magnificent rendition of Nordic nature also shows an influence by his former teacher Vilhelm Kyhn and his National Romanticist landscape paintings<\/p>\n<hr \/>\n<p>&nbsp;<\/p>\n<p><strong>Harald Foss (1843-1922)<br \/>\n<\/strong><\/p>\n<p>&nbsp;<\/p>\n<h6 style=\"text-align: right;\"><em>Translator: The translation agency <em>Diction\u00a0\u2013 <\/em><em>J. Niclas B. Jensen<\/em><\/em><\/h6>\n","protected":false},"excerpt":{"rendered":"<p>HARALD FOSS<\/p>\n<hr \/>\n<p><em>Summer morning<\/em>, 1873<\/p>\n","protected":false},"featured_media":37625,"template":"","meta":{"_acf_changed":false},"product_brand":[],"product_cat":[45,261,129,243],"product_tag":[190,47,191,48],"class_list":{"0":"post-37959","1":"product","2":"type-product","3":"status-publish","4":"has-post-thumbnail","6":"product_cat-dansk-guldalder","7":"product_cat-harald-foss-en","8":"product_cat-harald-foss","9":"product_cat-the-danish-golden-age","10":"product_tag-animals","11":"product_tag-dyr","12":"product_tag-landscape","13":"product_tag-landskab","15":"first","16":"instock","17":"shipping-taxable","18":"product-type-simple"},"acf":[],"brizy_media":[],"_links":{"self":[{"href":"https:\/\/nivaagaard.dk\/en\/wp-json\/wp\/v2\/product\/37959","targetHints":{"allow":["GET"]}}],"collection":[{"href":"https:\/\/nivaagaard.dk\/en\/wp-json\/wp\/v2\/product"}],"about":[{"href":"https:\/\/nivaagaard.dk\/en\/wp-json\/wp\/v2\/types\/product"}],"wp:featuredmedia":[{"embeddable":true,"href":"https:\/\/nivaagaard.dk\/en\/wp-json\/wp\/v2\/media\/37625"}],"wp:attachment":[{"href":"https:\/\/nivaagaard.dk\/en\/wp-json\/wp\/v2\/media?parent=37959"}],"wp:term":[{"taxonomy":"product_brand","embeddable":true,"href":"https:\/\/nivaagaard.dk\/en\/wp-json\/wp\/v2\/product_brand?post=37959"},{"taxonomy":"product_cat","embeddable":true,"href":"https:\/\/nivaagaard.dk\/en\/wp-json\/wp\/v2\/product_cat?post=37959"},{"taxonomy":"product_tag","embeddable":true,"href":"https:\/\/nivaagaard.dk\/en\/wp-json\/wp\/v2\/product_tag?post=37959"}],"curies":[{"name":"wp","href":"https:\/\/api.w.org\/{rel}","templated":true}]}}