{"id":37960,"date":"2016-07-27T08:38:53","date_gmt":"2016-07-27T06:38:53","guid":{"rendered":"https:\/\/nivaagaard.dk\/vare\/eckersberg-c-w\/"},"modified":"2026-01-15T11:20:07","modified_gmt":"2026-01-15T10:20:07","slug":"eckersberg-c-w","status":"publish","type":"product","link":"https:\/\/nivaagaard.dk\/en\/the-collection\/eckersberg-c-w\/","title":{"rendered":"Eckersberg C. W."},"content":{"rendered":"<h6><strong>C. W. Eckersberg<\/strong><br \/>\n<em>Vesta Temple in Rome<\/em><em>,<\/em> 1814-1816<br \/>\nOil on canvas, 27 x 33 cm.<br \/>\nInventory number: 0204NMK<br \/>\nAcquired with funding from the wills of Director Per Vilhelm &amp; Mygge Kolbing-Nielsen with grant from the Augustinus Foundation and New Carlsberg Foundation, 2006<\/h6>\n<p>&nbsp;<\/p>\n<p>Eckersberg spent the years 1813-1816 in Rome, where he painted a number of architecture studies, in which he, as he himself explained, prioritised precision, colour, forms and lines. Here, Eckersberg has painted a small, antique circular temple at the Tiber River. The temple still exists today and is among the most well preserved in Rome, but the area around the building has today been rebuilt into a large square. Eckersberg was fascinated by the monument\u2019s simple, geometrical design and the possibility to study it according to the principles of perspective. His choice of an antique circular temple as his subject was completely in line with the time\u2019s enthusiasm for Antiquity. There are no figures depicted and the overall expression appears as a mixture of static and light flickering in the bright, clear sunlight.<\/p>\n<hr \/>\n<p>&nbsp;<\/p>\n<p><strong>Christoffer Wilhelm Eckersberg (1783-1853)<br \/>\n<\/strong>Eckersberg studied under Nicolai Abildgaard and art historically, he has been proclaimed the Father of Danish Painting, because he was the first professor to establish a school and his students include many of the most famous Golden Age painters. He broke with the idealising art of the 1700s and introduced a new form of realism based on nature studies and compositional principles. In 1810, he won the Academy\u2019s prestigious gold medal, and subsequently spent a year in Paris studying under the great neo-classical painter Jacques-Louis David. Eckersberg was the very first to introduce direct study from nature at the Art Academy, and in doing so, had a decisive impact on the development of Golden Age art in Denmark. He was greatly influential for numerous young artists such as Martinus R\u00f8rbye, Christen K\u00f8bke, Constantin Hansen, J\u00f8rgen Roed and Wilhelm Marstand.<strong><br \/>\n<\/strong><\/p>\n<h6 style=\"text-align: right;\"><em>Translator: Jennifer Russell<\/em><\/h6>\n","protected":false},"excerpt":{"rendered":"<p>C. W. ECKERSBERG<\/p>\n<hr \/>\n<p><em>Vesta Temple in Rome,<\/em> 1814-1816<\/p>\n","protected":false},"featured_media":37626,"template":"","meta":{"_acf_changed":false},"product_brand":[],"product_cat":[246,130,45,243],"product_tag":[188,74],"class_list":{"0":"post-37960","1":"product","2":"type-product","3":"status-publish","4":"has-post-thumbnail","6":"product_cat-c-w-eckersberg-en","7":"product_cat-c-w-eckersberg","8":"product_cat-dansk-guldalder","9":"product_cat-the-danish-golden-age","10":"product_tag-architecture-interior","11":"product_tag-arkitektur-interioer","13":"first","14":"instock","15":"shipping-taxable","16":"product-type-simple"},"acf":[],"brizy_media":[],"_links":{"self":[{"href":"https:\/\/nivaagaard.dk\/en\/wp-json\/wp\/v2\/product\/37960","targetHints":{"allow":["GET"]}}],"collection":[{"href":"https:\/\/nivaagaard.dk\/en\/wp-json\/wp\/v2\/product"}],"about":[{"href":"https:\/\/nivaagaard.dk\/en\/wp-json\/wp\/v2\/types\/product"}],"wp:featuredmedia":[{"embeddable":true,"href":"https:\/\/nivaagaard.dk\/en\/wp-json\/wp\/v2\/media\/37626"}],"wp:attachment":[{"href":"https:\/\/nivaagaard.dk\/en\/wp-json\/wp\/v2\/media?parent=37960"}],"wp:term":[{"taxonomy":"product_brand","embeddable":true,"href":"https:\/\/nivaagaard.dk\/en\/wp-json\/wp\/v2\/product_brand?post=37960"},{"taxonomy":"product_cat","embeddable":true,"href":"https:\/\/nivaagaard.dk\/en\/wp-json\/wp\/v2\/product_cat?post=37960"},{"taxonomy":"product_tag","embeddable":true,"href":"https:\/\/nivaagaard.dk\/en\/wp-json\/wp\/v2\/product_tag?post=37960"}],"curies":[{"name":"wp","href":"https:\/\/api.w.org\/{rel}","templated":true}]}}