{"id":37962,"date":"2016-07-27T09:34:48","date_gmt":"2016-07-27T07:34:48","guid":{"rendered":"https:\/\/nivaagaard.dk\/vare\/eckersberg-c-w-3\/"},"modified":"2025-11-24T15:21:30","modified_gmt":"2025-11-24T14:21:30","slug":"eckersberg-c-w-3","status":"publish","type":"product","link":"https:\/\/nivaagaard.dk\/en\/the-collection\/eckersberg-c-w-3\/","title":{"rendered":"Eckersberg C. W."},"content":{"rendered":"<h6><strong>C. W. Eckersberg<\/strong><br \/>\n<em>Rainbow at Sea and a Crossing Hunt with other Ships<\/em><em>,<\/em> 1836<br \/>\nOil on canvas, 43 x 62 cm.<br \/>\nInventory number: 0080NMK<br \/>\nAcquired before 1895. Bestowed to the museum in 1908<\/h6>\n<p>&nbsp;<\/p>\n<p>In marine painting, Eckersberg could pursue his interest in objective sense-based reality and the study of perspective. The artist not only studied the ships at a distance, he also participated in both shorter and longer trips as a passenger, where he studied everything from weather conditions and sailing techniques to ship design, which he reproduced with characteristically scientific, detailed precision. He kept meteorological journals, where he noted how much it rained, whether the sun shined and temperatures. Eckersberg\u2019s favourite ship was of the type called a frigate, which was a fully rigged, fast warship.<\/p>\n<hr \/>\n<p>&nbsp;<\/p>\n<p><strong>Christoffer Wilhelm Eckersberg (1783-1853)<br \/>\n<\/strong>Eckersberg studied under Nicolai Abildgaard and art historically, he has been proclaimed the Father of Danish Painting, because he was the first professor to establish a school and his students include many of the most famous Golden Age painters. He broke with the idealising art of the 1700s and introduced a new form of realism based on nature studies and compositional principles. In 1810, he won the Academy\u2019s prestigious gold medal, and subsequently spent a year in Paris studying under the great neo-classical painter Jacques-Louis David. Eckersberg was the very first to introduce direct study from nature at the Art Academy, and in doing so, had a decisive impact on the development of Golden Age art in Denmark. He was greatly influential for numerous young artists such as Martinus R\u00f8rbye, Christen K\u00f8bke, Constantin Hansen, J\u00f8rgen Roed and Wilhelm Marstand.<strong><strong><strong><br \/>\n<\/strong><\/strong><\/strong><\/p>\n<h6 style=\"text-align: right;\"><em>Translator: Jennifer Russell<\/em><\/h6>\n","protected":false},"excerpt":{"rendered":"<p>C. W. ECKERSBERG<\/p>\n<hr \/>\n<p><em>Rainbow at Sea and a Crossing Hunt with other Ships,<\/em> 1836<\/p>\n","protected":false},"featured_media":37629,"template":"","meta":{"_acf_changed":false},"product_brand":[],"product_cat":[246,130,45,243],"product_tag":[195,61],"class_list":{"0":"post-37962","1":"product","2":"type-product","3":"status-publish","4":"has-post-thumbnail","6":"product_cat-c-w-eckersberg-en","7":"product_cat-c-w-eckersberg","8":"product_cat-dansk-guldalder","9":"product_cat-the-danish-golden-age","10":"product_tag-seascape","11":"product_tag-soestykke","13":"first","14":"instock","15":"shipping-taxable","16":"product-type-simple"},"acf":[],"brizy_media":[],"_links":{"self":[{"href":"https:\/\/nivaagaard.dk\/en\/wp-json\/wp\/v2\/product\/37962","targetHints":{"allow":["GET"]}}],"collection":[{"href":"https:\/\/nivaagaard.dk\/en\/wp-json\/wp\/v2\/product"}],"about":[{"href":"https:\/\/nivaagaard.dk\/en\/wp-json\/wp\/v2\/types\/product"}],"wp:featuredmedia":[{"embeddable":true,"href":"https:\/\/nivaagaard.dk\/en\/wp-json\/wp\/v2\/media\/37629"}],"wp:attachment":[{"href":"https:\/\/nivaagaard.dk\/en\/wp-json\/wp\/v2\/media?parent=37962"}],"wp:term":[{"taxonomy":"product_brand","embeddable":true,"href":"https:\/\/nivaagaard.dk\/en\/wp-json\/wp\/v2\/product_brand?post=37962"},{"taxonomy":"product_cat","embeddable":true,"href":"https:\/\/nivaagaard.dk\/en\/wp-json\/wp\/v2\/product_cat?post=37962"},{"taxonomy":"product_tag","embeddable":true,"href":"https:\/\/nivaagaard.dk\/en\/wp-json\/wp\/v2\/product_tag?post=37962"}],"curies":[{"name":"wp","href":"https:\/\/api.w.org\/{rel}","templated":true}]}}