{"id":37964,"date":"2016-07-27T09:55:31","date_gmt":"2016-07-27T07:55:31","guid":{"rendered":"https:\/\/nivaagaard.dk\/vare\/eckersberg-c-w-5\/"},"modified":"2025-11-24T15:20:09","modified_gmt":"2025-11-24T14:20:09","slug":"eckersberg-c-w-5","status":"publish","type":"product","link":"https:\/\/nivaagaard.dk\/en\/the-collection\/eckersberg-c-w-5\/","title":{"rendered":"Eckersberg C. W."},"content":{"rendered":"<h6><strong>C. W. Eckersberg<\/strong><br \/>\n<em>The Corvette Najaden under Sail,<\/em> ca. 1834<br \/>\nOil on canvas, 48 x 55,5 cm.<br \/>\nInventory number: 0079NMK<br \/>\nAcquired before 1895. Bestowed to the museum in 1908<\/h6>\n<p>&nbsp;<\/p>\n<p>In the 1830s and 1840s, Eckersberg was fascinated with marine painting. Despite the loss of the fleet in 1807, Denmark remained a seafaring nation. The ships\u2019 aesthetic must have appealed to Eckersberg\u2019s interest in perspective and at the time, he was the leading painter of marine art. In 1833, Eckersberg took a two-week trip with the corvette Najaden. In the following years, he painted the ship at least five times. The artist carried out many of this type of shorter or longer trips onboard the ships he was interested in. Along the way, he took detailed notes regarding weather conditions, the appearance of waves in various kinds of wind, about which sails the ships used, as well as about the route and manoeuvres in general.<\/p>\n<hr \/>\n<p>&nbsp;<\/p>\n<p><strong>Christoffer Wilhelm Eckersberg (1783-1853)<br \/>\n<\/strong>Eckersberg studied under Nicolai Abildgaard and art historically, he has been proclaimed the Father of Danish Painting, because he was the first professor to establish a school and his students include many of the most famous Golden Age painters. He broke with the idealising art of the 1700s and introduced a new form of realism based on nature studies and compositional principles. In 1810, he won the Academy\u2019s prestigious gold medal, and subsequently spent a year in Paris studying under the great neo-classical painter Jacques-Louis David. Eckersberg was the very first to introduce direct study from nature at the Art Academy, and in doing so, had a decisive impact on the development of Golden Age art in Denmark. He was greatly influential for numerous young artists such as Martinus R\u00f8rbye, Christen K\u00f8bke, Constantin Hansen, J\u00f8rgen Roed and Wilhelm Marstand.<strong><br \/>\n<\/strong><\/p>\n<h6 style=\"text-align: right;\"><em>Translator: Jennifer Russell<\/em><\/h6>\n","protected":false},"excerpt":{"rendered":"<p>C. W. ECKERSBERG<\/p>\n<hr \/>\n<p><em>The Corvette Najaden under Sail,<\/em> ca. 1834<\/p>\n","protected":false},"featured_media":37631,"template":"","meta":{"_acf_changed":false},"product_brand":[],"product_cat":[246,130,45,243],"product_tag":[195,61],"class_list":{"0":"post-37964","1":"product","2":"type-product","3":"status-publish","4":"has-post-thumbnail","6":"product_cat-c-w-eckersberg-en","7":"product_cat-c-w-eckersberg","8":"product_cat-dansk-guldalder","9":"product_cat-the-danish-golden-age","10":"product_tag-seascape","11":"product_tag-soestykke","13":"first","14":"instock","15":"shipping-taxable","16":"product-type-simple"},"acf":[],"brizy_media":[],"_links":{"self":[{"href":"https:\/\/nivaagaard.dk\/en\/wp-json\/wp\/v2\/product\/37964","targetHints":{"allow":["GET"]}}],"collection":[{"href":"https:\/\/nivaagaard.dk\/en\/wp-json\/wp\/v2\/product"}],"about":[{"href":"https:\/\/nivaagaard.dk\/en\/wp-json\/wp\/v2\/types\/product"}],"wp:featuredmedia":[{"embeddable":true,"href":"https:\/\/nivaagaard.dk\/en\/wp-json\/wp\/v2\/media\/37631"}],"wp:attachment":[{"href":"https:\/\/nivaagaard.dk\/en\/wp-json\/wp\/v2\/media?parent=37964"}],"wp:term":[{"taxonomy":"product_brand","embeddable":true,"href":"https:\/\/nivaagaard.dk\/en\/wp-json\/wp\/v2\/product_brand?post=37964"},{"taxonomy":"product_cat","embeddable":true,"href":"https:\/\/nivaagaard.dk\/en\/wp-json\/wp\/v2\/product_cat?post=37964"},{"taxonomy":"product_tag","embeddable":true,"href":"https:\/\/nivaagaard.dk\/en\/wp-json\/wp\/v2\/product_tag?post=37964"}],"curies":[{"name":"wp","href":"https:\/\/api.w.org\/{rel}","templated":true}]}}